{"id":47665,"date":"2022-04-30T10:05:00","date_gmt":"2022-04-30T08:59:37","guid":{"rendered":"https:\/\/kingarms.ee\/product\/hfc-kaasupistol-hg-173-musta\/"},"modified":"2023-12-16T15:20:59","modified_gmt":"2023-12-16T12:20:59","slug":"hfc-kaasupistooli-hg-173-musta","status":"publish","type":"product","link":"https:\/\/kingarms.ee\/fi\/product\/hfc-kaasupistooli-hg-173-musta\/","title":{"rendered":"HFC KAASUPISTOL HG-173 MUSTA"},"content":{"rendered":"","protected":false},"excerpt":{"rendered":"<p>Hfc kaasupistol hg-173 musta<\/p>\n<p>Puhalla takaisin kaasupistoli<br \/>\nT\u00e4ysmetalli polymeeriohjalla<br \/>\n25 rounds gas-lehti<br \/>\nTyypin alla<br \/>\nTurvalukko, single shot<br \/>\nS\u00e4\u00e4dett\u00e4v\u00e4 hop up<br \/>\nPituus 225mm<br \/>\nPaino 1040g<\/p>\n","protected":false},"featured_media":47540,"template":"","meta":{"_acf_changed":false},"product_brand":[],"product_cat":[252],"product_tag":[],"class_list":{"0":"post-47665","1":"product","2":"type-product","3":"status-publish","4":"has-post-thumbnail","6":"product_cat-kaasutoimiset-aseet","8":"first","9":"onbackorder","10":"taxable","11":"shipping-taxable","12":"product-type-simple"},"acf":[],"_links":{"self":[{"href":"https:\/\/kingarms.ee\/fi\/wp-json\/wp\/v2\/product\/47665","targetHints":{"allow":["GET"]}}],"collection":[{"href":"https:\/\/kingarms.ee\/fi\/wp-json\/wp\/v2\/product"}],"about":[{"href":"https:\/\/kingarms.ee\/fi\/wp-json\/wp\/v2\/types\/product"}],"wp:featuredmedia":[{"embeddable":true,"href":"https:\/\/kingarms.ee\/fi\/wp-json\/wp\/v2\/media\/47540"}],"wp:attachment":[{"href":"https:\/\/kingarms.ee\/fi\/wp-json\/wp\/v2\/media?parent=47665"}],"wp:term":[{"taxonomy":"product_brand","embeddable":true,"href":"https:\/\/kingarms.ee\/fi\/wp-json\/wp\/v2\/product_brand?post=47665"},{"taxonomy":"product_cat","embeddable":true,"href":"https:\/\/kingarms.ee\/fi\/wp-json\/wp\/v2\/product_cat?post=47665"},{"taxonomy":"product_tag","embeddable":true,"href":"https:\/\/kingarms.ee\/fi\/wp-json\/wp\/v2\/product_tag?post=47665"}],"curies":[{"name":"wp","href":"https:\/\/api.w.org\/{rel}","templated":true}]}}