{"id":47666,"date":"2022-04-30T09:59:32","date_gmt":"2022-04-30T08:59:37","guid":{"rendered":"https:\/\/kingarms.ee\/product\/hfc-kaasupistol-ag-17-silver\/"},"modified":"2023-12-16T15:20:59","modified_gmt":"2023-12-16T12:20:59","slug":"hfc-kaasupistooli-ag-17-hopea","status":"publish","type":"product","link":"https:\/\/kingarms.ee\/fi\/product\/hfc-kaasupistooli-ag-17-hopea\/","title":{"rendered":"HFC KAASUPISTOL AG-17 SILVER"},"content":{"rendered":"","protected":false},"excerpt":{"rendered":"<p>Hfc kaasupistol ag-17 silver<\/p>\n<p>Kaasupistooli advanced g17<br \/>\nPolymerirunko ja metalliluukka<br \/>\n26 rounds metal gas magazine<br \/>\nTyypin alla<br \/>\nTurvallisuus ja yksi shot<br \/>\nS\u00e4\u00e4dett\u00e4v\u00e4 hop up<br \/>\nMukana kumiohde<br \/>\nPituus 185mm<br \/>\nPaino 690g<br \/>\nHopean v\u00e4rinen<br \/>\nKovakantokotelo paketti<\/p>\n","protected":false},"featured_media":47509,"template":"","meta":{"_acf_changed":false},"product_brand":[],"product_cat":[252],"product_tag":[],"class_list":{"0":"post-47666","1":"product","2":"type-product","3":"status-publish","4":"has-post-thumbnail","6":"product_cat-kaasutoimiset-aseet","8":"first","9":"onbackorder","10":"taxable","11":"shipping-taxable","12":"product-type-simple"},"acf":[],"_links":{"self":[{"href":"https:\/\/kingarms.ee\/fi\/wp-json\/wp\/v2\/product\/47666","targetHints":{"allow":["GET"]}}],"collection":[{"href":"https:\/\/kingarms.ee\/fi\/wp-json\/wp\/v2\/product"}],"about":[{"href":"https:\/\/kingarms.ee\/fi\/wp-json\/wp\/v2\/types\/product"}],"wp:featuredmedia":[{"embeddable":true,"href":"https:\/\/kingarms.ee\/fi\/wp-json\/wp\/v2\/media\/47509"}],"wp:attachment":[{"href":"https:\/\/kingarms.ee\/fi\/wp-json\/wp\/v2\/media?parent=47666"}],"wp:term":[{"taxonomy":"product_brand","embeddable":true,"href":"https:\/\/kingarms.ee\/fi\/wp-json\/wp\/v2\/product_brand?post=47666"},{"taxonomy":"product_cat","embeddable":true,"href":"https:\/\/kingarms.ee\/fi\/wp-json\/wp\/v2\/product_cat?post=47666"},{"taxonomy":"product_tag","embeddable":true,"href":"https:\/\/kingarms.ee\/fi\/wp-json\/wp\/v2\/product_tag?post=47666"}],"curies":[{"name":"wp","href":"https:\/\/api.w.org\/{rel}","templated":true}]}}