{"id":47682,"date":"2022-04-30T07:58:28","date_gmt":"2022-04-30T09:01:36","guid":{"rendered":"https:\/\/kingarms.ee\/product\/emersongear-fast-tactical-kypara-multicam\/"},"modified":"2023-12-16T15:20:58","modified_gmt":"2023-12-16T12:20:58","slug":"emersongear-fast-tactical-helmet-cover-multicam-2","status":"publish","type":"product","link":"https:\/\/kingarms.ee\/fi\/product\/emersongear-fast-tactical-helmet-cover-multicam-2\/","title":{"rendered":"EMERSONGEAR FAST TACTICAL KYP\u00c4R\u00c4 MULTICAM"},"content":{"rendered":"","protected":false},"excerpt":{"rendered":"<p>Nopea taktinen kyp\u00e4r\u00e4<br \/>\n6 tarkarapakkaa laiasteen<br \/>\nMulticam v\u00e4ri<\/p>\n","protected":false},"featured_media":47174,"template":"","meta":{"_acf_changed":false},"product_brand":[],"product_cat":[261,835],"product_tag":[],"class_list":{"0":"post-47682","1":"product","2":"type-product","3":"status-publish","4":"has-post-thumbnail","6":"product_cat-kyparat","7":"product_cat-kyparakiinnikkeet","9":"first","10":"instock","11":"taxable","12":"shipping-taxable","13":"purchasable","14":"product-type-simple"},"acf":[],"_links":{"self":[{"href":"https:\/\/kingarms.ee\/fi\/wp-json\/wp\/v2\/product\/47682","targetHints":{"allow":["GET"]}}],"collection":[{"href":"https:\/\/kingarms.ee\/fi\/wp-json\/wp\/v2\/product"}],"about":[{"href":"https:\/\/kingarms.ee\/fi\/wp-json\/wp\/v2\/types\/product"}],"wp:featuredmedia":[{"embeddable":true,"href":"https:\/\/kingarms.ee\/fi\/wp-json\/wp\/v2\/media\/47174"}],"wp:attachment":[{"href":"https:\/\/kingarms.ee\/fi\/wp-json\/wp\/v2\/media?parent=47682"}],"wp:term":[{"taxonomy":"product_brand","embeddable":true,"href":"https:\/\/kingarms.ee\/fi\/wp-json\/wp\/v2\/product_brand?post=47682"},{"taxonomy":"product_cat","embeddable":true,"href":"https:\/\/kingarms.ee\/fi\/wp-json\/wp\/v2\/product_cat?post=47682"},{"taxonomy":"product_tag","embeddable":true,"href":"https:\/\/kingarms.ee\/fi\/wp-json\/wp\/v2\/product_tag?post=47682"}],"curies":[{"name":"wp","href":"https:\/\/api.w.org\/{rel}","templated":true}]}}