{"id":47687,"date":"2022-04-30T07:41:20","date_gmt":"2022-04-30T09:01:36","guid":{"rendered":"https:\/\/kingarms.ee\/product\/js-tactical-boonie-multicam\/"},"modified":"2025-06-07T17:42:57","modified_gmt":"2025-06-07T14:42:57","slug":"js-tactical-boonie-hat-multicam-2","status":"publish","type":"product","link":"https:\/\/kingarms.ee\/fi\/product\/js-tactical-boonie-hat-multicam-2\/","title":{"rendered":"JS-TACTICAL BOONIE MULTICAM"},"content":{"rendered":"","protected":false},"excerpt":{"rendered":"<p>65% polyesteri\u00e4, 35% puuvillaa<br \/>\n4 hy\u00f6nteisten vastaista tuuletusreik\u00e4\u00e4<br \/>\nB\u00e4ndi tarvikkeet koukkaaminen<br \/>\nS\u00e4\u00e4t\u00f6jousto<\/p>\n","protected":false},"featured_media":47157,"template":"","meta":{"_acf_changed":false},"product_brand":[],"product_cat":[296],"product_tag":[],"class_list":{"0":"post-47687","1":"product","2":"type-product","3":"status-publish","4":"has-post-thumbnail","6":"product_cat-balaclava-hatut","8":"first","9":"instock","10":"purchasable","11":"product-type-variable"},"acf":[],"_links":{"self":[{"href":"https:\/\/kingarms.ee\/fi\/wp-json\/wp\/v2\/product\/47687","targetHints":{"allow":["GET"]}}],"collection":[{"href":"https:\/\/kingarms.ee\/fi\/wp-json\/wp\/v2\/product"}],"about":[{"href":"https:\/\/kingarms.ee\/fi\/wp-json\/wp\/v2\/types\/product"}],"wp:featuredmedia":[{"embeddable":true,"href":"https:\/\/kingarms.ee\/fi\/wp-json\/wp\/v2\/media\/47157"}],"wp:attachment":[{"href":"https:\/\/kingarms.ee\/fi\/wp-json\/wp\/v2\/media?parent=47687"}],"wp:term":[{"taxonomy":"product_brand","embeddable":true,"href":"https:\/\/kingarms.ee\/fi\/wp-json\/wp\/v2\/product_brand?post=47687"},{"taxonomy":"product_cat","embeddable":true,"href":"https:\/\/kingarms.ee\/fi\/wp-json\/wp\/v2\/product_cat?post=47687"},{"taxonomy":"product_tag","embeddable":true,"href":"https:\/\/kingarms.ee\/fi\/wp-json\/wp\/v2\/product_tag?post=47687"}],"curies":[{"name":"wp","href":"https:\/\/api.w.org\/{rel}","templated":true}]}}