{"id":47704,"date":"2022-04-30T08:07:13","date_gmt":"2022-04-30T09:01:41","guid":{"rendered":"https:\/\/kingarms.ee\/product\/wosport-tiedonsiirtokuulokeet-musta\/"},"modified":"2023-12-16T15:16:03","modified_gmt":"2023-12-16T12:16:03","slug":"wosport-communication-headset-musta","status":"publish","type":"product","link":"https:\/\/kingarms.ee\/fi\/product\/wosport-communication-headset-musta\/","title":{"rendered":"WOSPORT-TIEDONSIIRTOKUULOKEET MUSTA"},"content":{"rendered":"","protected":false},"excerpt":{"rendered":"<p>Wosport-tiedonsiirtokuulokeet musta<\/p>\n<p>Viestint\u00e4 kuuloke<br \/>\nMateriaalit: abs ja \u00e4\u00e4nieristys puuvilla<br \/>\nIrrottava mikrofoni, voi asentaa vasemmalla tai oikealla puolella<br \/>\nMikrofonin kulma s\u00e4\u00e4dett\u00e4v\u00e4<br \/>\nS\u00e4\u00e4dett\u00e4v\u00e4 p\u00e4\u00e4panka<br \/>\nUudelleen sukettava kun ei ole k\u00e4yt\u00f6ss\u00e4<br \/>\nPtt ei mukana<br \/>\nVaroitus: ei melua v\u00e4hent\u00e4v\u00e4 versio<br \/>\nSoveltuu p\u00e4\u00e4n ymp\u00e4rist\u00f6ille 52cm &#8211; 64cm<br \/>\nPaino 360g<\/p>\n","protected":false},"featured_media":47194,"template":"","meta":{"_acf_changed":false},"product_brand":[],"product_cat":[271],"product_tag":[],"class_list":{"0":"post-47704","1":"product","2":"type-product","3":"status-publish","4":"has-post-thumbnail","6":"product_cat-radiolahettimet","8":"first","9":"instock","10":"sale","11":"taxable","12":"shipping-taxable","13":"purchasable","14":"product-type-simple"},"acf":[],"_links":{"self":[{"href":"https:\/\/kingarms.ee\/fi\/wp-json\/wp\/v2\/product\/47704","targetHints":{"allow":["GET"]}}],"collection":[{"href":"https:\/\/kingarms.ee\/fi\/wp-json\/wp\/v2\/product"}],"about":[{"href":"https:\/\/kingarms.ee\/fi\/wp-json\/wp\/v2\/types\/product"}],"wp:featuredmedia":[{"embeddable":true,"href":"https:\/\/kingarms.ee\/fi\/wp-json\/wp\/v2\/media\/47194"}],"wp:attachment":[{"href":"https:\/\/kingarms.ee\/fi\/wp-json\/wp\/v2\/media?parent=47704"}],"wp:term":[{"taxonomy":"product_brand","embeddable":true,"href":"https:\/\/kingarms.ee\/fi\/wp-json\/wp\/v2\/product_brand?post=47704"},{"taxonomy":"product_cat","embeddable":true,"href":"https:\/\/kingarms.ee\/fi\/wp-json\/wp\/v2\/product_cat?post=47704"},{"taxonomy":"product_tag","embeddable":true,"href":"https:\/\/kingarms.ee\/fi\/wp-json\/wp\/v2\/product_tag?post=47704"}],"curies":[{"name":"wp","href":"https:\/\/api.w.org\/{rel}","templated":true}]}}