{"id":47984,"date":"2022-05-05T13:02:00","date_gmt":"2022-05-07T09:24:55","guid":{"rendered":"https:\/\/kingarms.ee\/product\/varsijousi-2x-sarja\/"},"modified":"2022-05-14T15:13:38","modified_gmt":"2022-05-14T12:13:38","slug":"varsijousi-2x-sarja","status":"publish","type":"product","link":"https:\/\/kingarms.ee\/fi\/product\/varsijousi-2x-sarja\/","title":{"rendered":"Varsijousi 2x sarja [ESS]"},"content":{"rendered":"","protected":false},"excerpt":{"rendered":"<p>Kun kokeilet Crossbowia, huomaat, ett\u00e4 se on erilainen kuin mik\u00e4\u00e4n muu ballistinen silm\u00e4suoja. Koe Tri-Tech Fit -runko, joka saavuttaa uskomattoman universaalin istuvuuden maksimaalisella mukavuudella ja nollapainepisteill\u00e4. Huomaa sitten linssit. Ne eiv\u00e4t sumu. T\u00e4m\u00e4 johtuu uraauurtavasta ClearZone FlowCoat -tekniikasta, joka on suunniteltu poistamaan sumua sis\u00e4lt\u00e4 ja est\u00e4m\u00e4\u00e4n naarmuja ulkopuolelta.<\/p>\n<p>Kun tuijotat tavoitettasi v\u00e4\u00e4ristym\u00e4tt\u00f6m\u00e4n ESSOPTIKIN avulla, n\u00e4et kuinka optisesti tarkka n\u00e4k\u00f6 voi olla. Kun olet valmis vaihtamaan s\u00e4vy\u00e4, innovatiivinen DedBolt-linssilukko k\u00e4\u00e4ntyy yl\u00f6s helpottamaan vapauttamista ja puristaa sitten alas, jotta se pysyy kivenn\u00e4isen\u00e4 t\u00f6rm\u00e4yksen aikana.<\/p>\n","protected":false},"featured_media":47772,"template":"","meta":{"_acf_changed":false},"product_brand":[],"product_cat":[636],"product_tag":[],"class_list":{"0":"post-47984","1":"product","2":"type-product","3":"status-publish","4":"has-post-thumbnail","6":"product_cat-ballistiset-silmalasit","8":"first","9":"onbackorder","10":"sale","11":"taxable","12":"shipping-taxable","13":"product-type-simple"},"acf":[],"_links":{"self":[{"href":"https:\/\/kingarms.ee\/fi\/wp-json\/wp\/v2\/product\/47984","targetHints":{"allow":["GET"]}}],"collection":[{"href":"https:\/\/kingarms.ee\/fi\/wp-json\/wp\/v2\/product"}],"about":[{"href":"https:\/\/kingarms.ee\/fi\/wp-json\/wp\/v2\/types\/product"}],"wp:featuredmedia":[{"embeddable":true,"href":"https:\/\/kingarms.ee\/fi\/wp-json\/wp\/v2\/media\/47772"}],"wp:attachment":[{"href":"https:\/\/kingarms.ee\/fi\/wp-json\/wp\/v2\/media?parent=47984"}],"wp:term":[{"taxonomy":"product_brand","embeddable":true,"href":"https:\/\/kingarms.ee\/fi\/wp-json\/wp\/v2\/product_brand?post=47984"},{"taxonomy":"product_cat","embeddable":true,"href":"https:\/\/kingarms.ee\/fi\/wp-json\/wp\/v2\/product_cat?post=47984"},{"taxonomy":"product_tag","embeddable":true,"href":"https:\/\/kingarms.ee\/fi\/wp-json\/wp\/v2\/product_tag?post=47984"}],"curies":[{"name":"wp","href":"https:\/\/api.w.org\/{rel}","templated":true}]}}