{"id":47998,"date":"2022-05-05T14:02:00","date_gmt":"2022-05-07T09:24:59","guid":{"rendered":"https:\/\/kingarms.ee\/product\/varsijousivaimennin-one-kupari\/"},"modified":"2022-05-14T18:42:21","modified_gmt":"2022-05-14T15:42:21","slug":"varsijousi-vaimennin-yksi-kupari","status":"publish","type":"product","link":"https:\/\/kingarms.ee\/fi\/product\/varsijousi-vaimennin-yksi-kupari\/","title":{"rendered":"Varsijousivaimennin ONE Kupari [ESS]"},"content":{"rendered":"","protected":false},"excerpt":{"rendered":"<p>ESS Crossbow Suppressor\u2122 on ensimm\u00e4inen silm\u00e4lasikehys, joka on suunniteltu k\u00e4ytett\u00e4v\u00e4ksi korvakuppien kuulonsuojaimien ja viestint\u00e4laitteiden kanssa. Z-Bend\u2122 Geometryll\u00e4 varustettu kehyksen eritt\u00e4in ohuet sangavarret auttavat pit\u00e4m\u00e4\u00e4n melun poissa minimoimalla korvakuppien pehmustetun tiivisteen vaikutuksen. Ohut sangat poistavat kuumat kohdat ja painepisteet, joita esiintyy tavallisesti k\u00e4ytett\u00e4ess\u00e4 normaaleja silm\u00e4laseja korvakuppien alla.<\/p>\n<p>ESS Crossbow\u00ae:ssa on uusi suorituskyky ja k\u00e4ytt\u00f6kelpoisuus silmien suojauksessa. Alan ensimm\u00e4inen silm\u00e4suojaimien ClearZone\u2122 FlowCoat -teknologia minimoi naarmut ja tarjoaa vertaansa vailla olevan huurtumisenestokyvyn. Crossbow&#8217;n Tri-Tech\u2122 Fit -ergonomia tarjoaa yleist\u00e4 mukavuutta ja vakautta nollapainepisteill\u00e4. H\u00e4mm\u00e4stytt\u00e4v\u00e4n selke\u00e4 ESSOPTICS\u2122 ylitt\u00e4\u00e4 tiukat standardit ja tarjoaa todellisen v\u00e4\u00e4ristym\u00e4tt\u00f6m\u00e4n kuvan tavoitteestasi. Ja Crossbow&#8217;n patentoitu DedBolt\u2122 Lens Lock k\u00e4\u00e4ntyy auki nopeaa linssin vaihtoa varten tai lukitsee kiinni, jotta se pysyy tukevasti t\u00f6rm\u00e4yksen aikana. Vaihdettavan Cross-Series\u2122 -silm\u00e4suojaalustan j\u00e4senen\u00e4 Crossbow\u00ae antaa sinun laajentaa sarjaasi ristikk\u00e4isill\u00e4 yhteensopivia Crosshair\u2122- ja Suppressor\u2122-komponentteja, joten silm\u00e4ammattilainen voi aina vastata budjettiasi ja teht\u00e4v\u00e4si vaatimuksia.<\/p>\n","protected":false},"featured_media":47789,"template":"","meta":{"_acf_changed":false},"product_brand":[],"product_cat":[636],"product_tag":[],"class_list":{"0":"post-47998","1":"product","2":"type-product","3":"status-publish","4":"has-post-thumbnail","6":"product_cat-ballistiset-silmalasit","8":"first","9":"instock","10":"sale","11":"taxable","12":"shipping-taxable","13":"purchasable","14":"product-type-simple"},"acf":[],"_links":{"self":[{"href":"https:\/\/kingarms.ee\/fi\/wp-json\/wp\/v2\/product\/47998","targetHints":{"allow":["GET"]}}],"collection":[{"href":"https:\/\/kingarms.ee\/fi\/wp-json\/wp\/v2\/product"}],"about":[{"href":"https:\/\/kingarms.ee\/fi\/wp-json\/wp\/v2\/types\/product"}],"wp:featuredmedia":[{"embeddable":true,"href":"https:\/\/kingarms.ee\/fi\/wp-json\/wp\/v2\/media\/47789"}],"wp:attachment":[{"href":"https:\/\/kingarms.ee\/fi\/wp-json\/wp\/v2\/media?parent=47998"}],"wp:term":[{"taxonomy":"product_brand","embeddable":true,"href":"https:\/\/kingarms.ee\/fi\/wp-json\/wp\/v2\/product_brand?post=47998"},{"taxonomy":"product_cat","embeddable":true,"href":"https:\/\/kingarms.ee\/fi\/wp-json\/wp\/v2\/product_cat?post=47998"},{"taxonomy":"product_tag","embeddable":true,"href":"https:\/\/kingarms.ee\/fi\/wp-json\/wp\/v2\/product_tag?post=47998"}],"curies":[{"name":"wp","href":"https:\/\/api.w.org\/{rel}","templated":true}]}}