{"id":48022,"date":"2022-05-06T21:27:40","date_gmt":"2022-05-07T09:25:05","guid":{"rendered":"https:\/\/kingarms.ee\/product\/polymeeri-pf-bus-set-trinity-force\/"},"modified":"2023-09-29T12:25:10","modified_gmt":"2023-09-29T09:25:10","slug":"polymeeri-pf-bus-set-trinity-force","status":"publish","type":"product","link":"https:\/\/kingarms.ee\/fi\/product\/polymeeri-pf-bus-set-trinity-force\/","title":{"rendered":"Polymeeri PF BUS Set [Trinity Force]"},"content":{"rendered":"","protected":false},"excerpt":{"rendered":"<p>Polymeeri PF BUS Set<\/p>\n<p>Trinity Forcen tavoitteena on tarjota asiakkaille erinomaista tuliaseoptiikkaa ja -tarvikkeita edulliseen hintaan. He ovat omistautuneet jatkuvaan parantamiseen innovaatioiden ja suunnitteluprosessien avulla korkean laatutason varmistamiseksi. Trinity Force -tarjous sis\u00e4lt\u00e4\u00e4 tuliaseoptiikkaa, kiskoj\u00e4rjestelmi\u00e4, kahvat, laserit ja laajan valikoiman osia AR-15- ja AK-47-kiv\u00e4\u00e4reille.<\/p>\n","protected":false},"featured_media":47922,"template":"","meta":{"_acf_changed":false},"product_brand":[],"product_cat":[737],"product_tag":[],"class_list":{"0":"post-48022","1":"product","2":"type-product","3":"status-publish","4":"has-post-thumbnail","6":"product_cat-lupaukset-fi","8":"first","9":"instock","10":"taxable","11":"shipping-taxable","12":"purchasable","13":"product-type-simple"},"acf":[],"_links":{"self":[{"href":"https:\/\/kingarms.ee\/fi\/wp-json\/wp\/v2\/product\/48022","targetHints":{"allow":["GET"]}}],"collection":[{"href":"https:\/\/kingarms.ee\/fi\/wp-json\/wp\/v2\/product"}],"about":[{"href":"https:\/\/kingarms.ee\/fi\/wp-json\/wp\/v2\/types\/product"}],"wp:featuredmedia":[{"embeddable":true,"href":"https:\/\/kingarms.ee\/fi\/wp-json\/wp\/v2\/media\/47922"}],"wp:attachment":[{"href":"https:\/\/kingarms.ee\/fi\/wp-json\/wp\/v2\/media?parent=48022"}],"wp:term":[{"taxonomy":"product_brand","embeddable":true,"href":"https:\/\/kingarms.ee\/fi\/wp-json\/wp\/v2\/product_brand?post=48022"},{"taxonomy":"product_cat","embeddable":true,"href":"https:\/\/kingarms.ee\/fi\/wp-json\/wp\/v2\/product_cat?post=48022"},{"taxonomy":"product_tag","embeddable":true,"href":"https:\/\/kingarms.ee\/fi\/wp-json\/wp\/v2\/product_tag?post=48022"}],"curies":[{"name":"wp","href":"https:\/\/api.w.org\/{rel}","templated":true}]}}