{"id":48029,"date":"2022-05-06T21:41:00","date_gmt":"2022-05-07T09:25:06","guid":{"rendered":"https:\/\/kingarms.ee\/product\/alpha-stock-mil-spec-trinity-force\/"},"modified":"2023-09-29T15:45:59","modified_gmt":"2023-09-29T12:45:59","slug":"alfa-varasto-mil-spec-trinity-force","status":"publish","type":"product","link":"https:\/\/kingarms.ee\/fi\/product\/alfa-varasto-mil-spec-trinity-force\/","title":{"rendered":"Alpha Stock Mil Spec [Trinity Force]"},"content":{"rendered":"","protected":false},"excerpt":{"rendered":"<p>Alpha Stock Mil Spec<\/p>\n<p>AR-15-osakkeita on saatavana kahdessa eri versiossa: Mil Spec ja Com Spec. N\u00e4m\u00e4 versiot vaihtelevat puskuriputkien eri mittojen vuoksi, eiv\u00e4t eri materiaalien tai laadun vuoksi. Mittaa puskuriputken mitat ennen tilaamista ja varmista, ett\u00e4 tilaat oikean version. Huomaa, ett\u00e4 useimmissa AR-15:ss\u00e4 Euroopassa on Com Spec -puskuriputki, Mil Spec on eritt\u00e4in harvinainen.<\/p>\n","protected":false},"featured_media":47937,"template":"","meta":{"_acf_changed":false},"product_brand":[],"product_cat":[461],"product_tag":[],"class_list":{"0":"post-48029","1":"product","2":"type-product","3":"status-publish","4":"has-post-thumbnail","6":"product_cat-kivaarin-varasto","8":"first","9":"instock","10":"taxable","11":"shipping-taxable","12":"purchasable","13":"product-type-simple"},"acf":[],"_links":{"self":[{"href":"https:\/\/kingarms.ee\/fi\/wp-json\/wp\/v2\/product\/48029","targetHints":{"allow":["GET"]}}],"collection":[{"href":"https:\/\/kingarms.ee\/fi\/wp-json\/wp\/v2\/product"}],"about":[{"href":"https:\/\/kingarms.ee\/fi\/wp-json\/wp\/v2\/types\/product"}],"wp:featuredmedia":[{"embeddable":true,"href":"https:\/\/kingarms.ee\/fi\/wp-json\/wp\/v2\/media\/47937"}],"wp:attachment":[{"href":"https:\/\/kingarms.ee\/fi\/wp-json\/wp\/v2\/media?parent=48029"}],"wp:term":[{"taxonomy":"product_brand","embeddable":true,"href":"https:\/\/kingarms.ee\/fi\/wp-json\/wp\/v2\/product_brand?post=48029"},{"taxonomy":"product_cat","embeddable":true,"href":"https:\/\/kingarms.ee\/fi\/wp-json\/wp\/v2\/product_cat?post=48029"},{"taxonomy":"product_tag","embeddable":true,"href":"https:\/\/kingarms.ee\/fi\/wp-json\/wp\/v2\/product_tag?post=48029"}],"curies":[{"name":"wp","href":"https:\/\/api.w.org\/{rel}","templated":true}]}}