{"id":48060,"date":"2022-05-08T13:07:55","date_gmt":"2022-05-08T10:09:30","guid":{"rendered":"https:\/\/kingarms.ee\/product\/aks-74u-kalashnikov-45mm\/"},"modified":"2023-09-13T17:48:06","modified_gmt":"2023-09-13T14:48:06","slug":"aks-74u-kalashnikov-4-5mm-2","status":"publish","type":"product","link":"https:\/\/kingarms.ee\/fi\/product\/aks-74u-kalashnikov-4-5mm-2\/","title":{"rendered":"AKS-74U (Kalashnikov 4,5mm)"},"content":{"rendered":"<p><img loading=\"lazy\" decoding=\"async\" class=\"alignnone size-medium wp-image-48053\" src=\"https:\/\/kingarms.ee\/wp-content\/uploads\/2022\/05\/by001-1-1000x1000-1-300x300.jpeg\" alt=\"\" width=\"300\" height=\"300\" srcset=\"https:\/\/kingarms.ee\/wp-content\/uploads\/2022\/05\/by001-1-1000x1000-1-300x300.jpeg 300w, https:\/\/kingarms.ee\/wp-content\/uploads\/2022\/05\/by001-1-1000x1000-1-150x150.jpeg 150w, https:\/\/kingarms.ee\/wp-content\/uploads\/2022\/05\/by001-1-1000x1000-1-768x768.jpeg 768w, https:\/\/kingarms.ee\/wp-content\/uploads\/2022\/05\/by001-1-1000x1000-1-500x500.jpeg 500w, https:\/\/kingarms.ee\/wp-content\/uploads\/2022\/05\/by001-1-1000x1000-1.jpeg 1000w\" sizes=\"auto, (max-width: 300px) 100vw, 300px\" \/><\/p>\n","protected":false},"excerpt":{"rendered":"<p>AKS-74U (Kalashnikov 4,5mm)<\/p>\n<p>T\u00e4m\u00e4 4,5 mm:n versio AKS-74U:sta on kopioton kopio, joka toimii hiilidioksidin kanssa.<\/p>\n<p>3,5 joulella se on tarkka, helppo k\u00e4ytt\u00e4\u00e4 ja huoltaa \u2013 t\u00e4m\u00e4 kopio ei pet\u00e4 sinua. Metallista ja aidosta puusta valmistettu AKS-74U tarjoaa sinulle korkean tason realistisuutta.<\/p>\n<p>T\u00e4m\u00e4 on t\u00e4ydellinen ilmaase, jos etsit upeaa tunnetta ja ammuntakokemusta.<\/p>\n<p>Kalashnikovin ajokortti<br \/>\nV\u00e4ri musta, aitoa puuta<br \/>\nKaliiperi 4,5 mm<br \/>\nAseen paino (kg) 2.9<br \/>\nTeho (joulea) 3.5<br \/>\nKuvaustila Puoliautomaattinen<br \/>\nMateriaali metalli ja puu<br \/>\nAseen pituus (mm) 734<\/p>\n","protected":false},"featured_media":48053,"template":"","meta":{"_acf_changed":false},"product_brand":[],"product_cat":[671,253],"product_tag":[],"class_list":{"0":"post-48060","1":"product","2":"type-product","3":"status-publish","4":"has-post-thumbnail","6":"product_cat-automaattiaseet","7":"product_cat-ilmakivaarit-4-5mm","9":"first","10":"onbackorder","11":"taxable","12":"shipping-taxable","13":"product-type-simple"},"acf":[],"_links":{"self":[{"href":"https:\/\/kingarms.ee\/fi\/wp-json\/wp\/v2\/product\/48060","targetHints":{"allow":["GET"]}}],"collection":[{"href":"https:\/\/kingarms.ee\/fi\/wp-json\/wp\/v2\/product"}],"about":[{"href":"https:\/\/kingarms.ee\/fi\/wp-json\/wp\/v2\/types\/product"}],"wp:featuredmedia":[{"embeddable":true,"href":"https:\/\/kingarms.ee\/fi\/wp-json\/wp\/v2\/media\/48053"}],"wp:attachment":[{"href":"https:\/\/kingarms.ee\/fi\/wp-json\/wp\/v2\/media?parent=48060"}],"wp:term":[{"taxonomy":"product_brand","embeddable":true,"href":"https:\/\/kingarms.ee\/fi\/wp-json\/wp\/v2\/product_brand?post=48060"},{"taxonomy":"product_cat","embeddable":true,"href":"https:\/\/kingarms.ee\/fi\/wp-json\/wp\/v2\/product_cat?post=48060"},{"taxonomy":"product_tag","embeddable":true,"href":"https:\/\/kingarms.ee\/fi\/wp-json\/wp\/v2\/product_tag?post=48060"}],"curies":[{"name":"wp","href":"https:\/\/api.w.org\/{rel}","templated":true}]}}