{"id":48074,"date":"2022-05-08T13:28:26","date_gmt":"2022-05-08T10:28:26","guid":{"rendered":"https:\/\/kingarms.ee\/product\/ak101-kalashnikov-45mm\/"},"modified":"2023-09-13T17:58:38","modified_gmt":"2023-09-13T14:58:38","slug":"ak101-kalashnikov-4-5mm","status":"publish","type":"product","link":"https:\/\/kingarms.ee\/fi\/product\/ak101-kalashnikov-4-5mm\/","title":{"rendered":"AK101 (Kalashnikov 4,5mm)"},"content":{"rendered":"<p><img loading=\"lazy\" decoding=\"async\" class=\"size-medium wp-image-48069\" src=\"https:\/\/kingarms.ee\/wp-content\/uploads\/2022\/05\/karabiny-szturmowe-asg-elektryczne-cm-040c-cyma-112111-300x184.jpeg\" alt=\"\" width=\"300\" height=\"184\" srcset=\"https:\/\/kingarms.ee\/wp-content\/uploads\/2022\/05\/karabiny-szturmowe-asg-elektryczne-cm-040c-cyma-112111-300x184.jpeg 300w, https:\/\/kingarms.ee\/wp-content\/uploads\/2022\/05\/karabiny-szturmowe-asg-elektryczne-cm-040c-cyma-112111-768x470.jpeg 768w, https:\/\/kingarms.ee\/wp-content\/uploads\/2022\/05\/karabiny-szturmowe-asg-elektryczne-cm-040c-cyma-112111-500x306.jpeg 500w, https:\/\/kingarms.ee\/wp-content\/uploads\/2022\/05\/karabiny-szturmowe-asg-elektryczne-cm-040c-cyma-112111-150x92.jpeg 150w, https:\/\/kingarms.ee\/wp-content\/uploads\/2022\/05\/karabiny-szturmowe-asg-elektryczne-cm-040c-cyma-112111.jpeg 800w\" sizes=\"auto, (max-width: 300px) 100vw, 300px\" \/><\/p>\n","protected":false},"excerpt":{"rendered":"<p>AK101 (Kalashnikov 4,5mm)<\/p>\n<p>T\u00e4m\u00e4 AK101:n 4,5 mm:n versio on kopioton kopio, joka toimii hiilidioksidin kanssa. Se toimii 4,3 joulen teholla, ja se on tarkka, helppo k\u00e4ytt\u00e4\u00e4 ja huoltaa \u2013 t\u00e4m\u00e4 kopio ei pet\u00e4 sinua. Metallista ja ABS-materiaalista valmistettu AK101 tarjoaa sinulle korkean tason realistisuutta. T\u00e4m\u00e4 on t\u00e4ydellinen ilmaase, jos etsit upeaa tunnetta ja ammuntakokemusta.<\/p>\n<p>Kalashnikovin ajokortti<br \/>\nV\u00e4ri musta<br \/>\nKaliiperi 4,5 mm<br \/>\nAseen paino (kg) 3.15<br \/>\nTeho (joulea) 4.3<br \/>\nKuvaustila Puoliautomaattinen<br \/>\nMateriaalit Muovi ja metalli<\/p>\n","protected":false},"featured_media":48069,"template":"","meta":{"_acf_changed":false},"product_brand":[],"product_cat":[671,253],"product_tag":[],"class_list":{"0":"post-48074","1":"product","2":"type-product","3":"status-publish","4":"has-post-thumbnail","6":"product_cat-automaattiaseet","7":"product_cat-ilmakivaarit-4-5mm","9":"first","10":"onbackorder","11":"taxable","12":"shipping-taxable","13":"product-type-simple"},"acf":[],"_links":{"self":[{"href":"https:\/\/kingarms.ee\/fi\/wp-json\/wp\/v2\/product\/48074","targetHints":{"allow":["GET"]}}],"collection":[{"href":"https:\/\/kingarms.ee\/fi\/wp-json\/wp\/v2\/product"}],"about":[{"href":"https:\/\/kingarms.ee\/fi\/wp-json\/wp\/v2\/types\/product"}],"wp:featuredmedia":[{"embeddable":true,"href":"https:\/\/kingarms.ee\/fi\/wp-json\/wp\/v2\/media\/48069"}],"wp:attachment":[{"href":"https:\/\/kingarms.ee\/fi\/wp-json\/wp\/v2\/media?parent=48074"}],"wp:term":[{"taxonomy":"product_brand","embeddable":true,"href":"https:\/\/kingarms.ee\/fi\/wp-json\/wp\/v2\/product_brand?post=48074"},{"taxonomy":"product_cat","embeddable":true,"href":"https:\/\/kingarms.ee\/fi\/wp-json\/wp\/v2\/product_cat?post=48074"},{"taxonomy":"product_tag","embeddable":true,"href":"https:\/\/kingarms.ee\/fi\/wp-json\/wp\/v2\/product_tag?post=48074"}],"curies":[{"name":"wp","href":"https:\/\/api.w.org\/{rel}","templated":true}]}}