{"id":48111,"date":"2022-05-08T14:04:52","date_gmt":"2022-05-08T11:06:47","guid":{"rendered":"https:\/\/kingarms.ee\/product\/m4-taysmetalli-45-mm\/"},"modified":"2022-05-08T14:06:47","modified_gmt":"2022-05-08T11:06:47","slug":"m4-taysmetalli-4-5mm-2","status":"publish","type":"product","link":"https:\/\/kingarms.ee\/fi\/product\/m4-taysmetalli-4-5mm-2\/","title":{"rendered":"M4 (t\u00e4ysmetalli 4,5 mm)"},"content":{"rendered":"<p><img loading=\"lazy\" decoding=\"async\" class=\"alignnone size-medium wp-image-48103\" src=\"https:\/\/kingarms.ee\/wp-content\/uploads\/2022\/05\/5816-300x225.png\" alt=\"\" width=\"300\" height=\"225\" srcset=\"https:\/\/kingarms.ee\/wp-content\/uploads\/2022\/05\/5816-300x225.png 300w, https:\/\/kingarms.ee\/wp-content\/uploads\/2022\/05\/5816-1024x767.png 1024w, https:\/\/kingarms.ee\/wp-content\/uploads\/2022\/05\/5816-768x576.png 768w, https:\/\/kingarms.ee\/wp-content\/uploads\/2022\/05\/5816-1536x1151.png 1536w, https:\/\/kingarms.ee\/wp-content\/uploads\/2022\/05\/5816-600x450.png 600w, https:\/\/kingarms.ee\/wp-content\/uploads\/2022\/05\/5816-500x375.png 500w, https:\/\/kingarms.ee\/wp-content\/uploads\/2022\/05\/5816-150x112.png 150w, https:\/\/kingarms.ee\/wp-content\/uploads\/2022\/05\/5816.png 1600w\" sizes=\"auto, (max-width: 300px) 100vw, 300px\" \/><\/p>\n","protected":false},"excerpt":{"rendered":"<p>Tutustu t\u00e4ysin uuteen FM M4 4,5 mm -versioon, joka toimii Co2:n kanssa. T\u00e4m\u00e4 3,73 joulen kopio on t\u00e4ydellinen aloittelijoille tai niille, jotka haluavat parantaa ammuntataitojaan. Nauti tuotteesta, jossa on palautumaton j\u00e4rjestelm\u00e4, jota on helppo k\u00e4ytt\u00e4\u00e4 ja huoltaa ja joka yll\u00e4tt\u00e4\u00e4 sinut kest\u00e4vyyll\u00e4\u00e4n. L\u00f6yd\u00e4t kaikki merkin viralliset etiketit, joita seuraa t\u00e4ysi paino ja mitat, jotta p\u00e4\u00e4set entist\u00e4 l\u00e4hemm\u00e4ksi todellisuutta.<\/p>\n<p>Lisenssi FN Herstal<br \/>\nV\u00e4ri musta<br \/>\nKaliiperi 4,5 mm<br \/>\nPakota Co2<br \/>\nAseen paino (kg) 2.5<br \/>\nTeho (joulea) 3,73<br \/>\nKuvaustila Puoliautomaattinen<br \/>\nMateriaalit Polymeeri, metalli<br \/>\nAseen pituus (mm) 785<br \/>\nKierre 14mm CCW<br \/>\nTarjottimen kapasiteetti on 18 palloa<\/p>\n","protected":false},"featured_media":48103,"template":"","meta":{"_acf_changed":false},"product_brand":[],"product_cat":[253,671],"product_tag":[],"class_list":{"0":"post-48111","1":"product","2":"type-product","3":"status-publish","4":"has-post-thumbnail","6":"product_cat-ilmakivaarit-4-5mm","7":"product_cat-automaattiaseet","9":"first","10":"onbackorder","11":"sale","12":"taxable","13":"shipping-taxable","14":"product-type-simple"},"acf":[],"_links":{"self":[{"href":"https:\/\/kingarms.ee\/fi\/wp-json\/wp\/v2\/product\/48111","targetHints":{"allow":["GET"]}}],"collection":[{"href":"https:\/\/kingarms.ee\/fi\/wp-json\/wp\/v2\/product"}],"about":[{"href":"https:\/\/kingarms.ee\/fi\/wp-json\/wp\/v2\/types\/product"}],"wp:featuredmedia":[{"embeddable":true,"href":"https:\/\/kingarms.ee\/fi\/wp-json\/wp\/v2\/media\/48103"}],"wp:attachment":[{"href":"https:\/\/kingarms.ee\/fi\/wp-json\/wp\/v2\/media?parent=48111"}],"wp:term":[{"taxonomy":"product_brand","embeddable":true,"href":"https:\/\/kingarms.ee\/fi\/wp-json\/wp\/v2\/product_brand?post=48111"},{"taxonomy":"product_cat","embeddable":true,"href":"https:\/\/kingarms.ee\/fi\/wp-json\/wp\/v2\/product_cat?post=48111"},{"taxonomy":"product_tag","embeddable":true,"href":"https:\/\/kingarms.ee\/fi\/wp-json\/wp\/v2\/product_tag?post=48111"}],"curies":[{"name":"wp","href":"https:\/\/api.w.org\/{rel}","templated":true}]}}