{"id":48123,"date":"2022-05-08T14:13:25","date_gmt":"2022-05-08T11:20:03","guid":{"rendered":"https:\/\/kingarms.ee\/product\/ak47-kalashnikov-45mm\/"},"modified":"2022-05-08T14:20:03","modified_gmt":"2022-05-08T11:20:03","slug":"ak47-kalashnikov-4-5mm-2","status":"publish","type":"product","link":"https:\/\/kingarms.ee\/fi\/product\/ak47-kalashnikov-4-5mm-2\/","title":{"rendered":"AK47 (Kalashnikov 4,5mm)"},"content":{"rendered":"<p><img loading=\"lazy\" decoding=\"async\" class=\"alignnone size-medium wp-image-48119\" src=\"https:\/\/kingarms.ee\/wp-content\/uploads\/2022\/05\/RPKS74AEG-300x300.jpeg\" alt=\"\" width=\"300\" height=\"300\" srcset=\"https:\/\/kingarms.ee\/wp-content\/uploads\/2022\/05\/RPKS74AEG-300x300.jpeg 300w, https:\/\/kingarms.ee\/wp-content\/uploads\/2022\/05\/RPKS74AEG-150x150.jpeg 150w, https:\/\/kingarms.ee\/wp-content\/uploads\/2022\/05\/RPKS74AEG-768x768.jpeg 768w, https:\/\/kingarms.ee\/wp-content\/uploads\/2022\/05\/RPKS74AEG-500x500.jpeg 500w, https:\/\/kingarms.ee\/wp-content\/uploads\/2022\/05\/RPKS74AEG.jpeg 1000w\" sizes=\"auto, (max-width: 300px) 100vw, 300px\" \/><\/p>\n","protected":false},"excerpt":{"rendered":"<p>Kuuluisan AK47-ilmakiv\u00e4\u00e4rin kopio. Sen ter\u00e4srunko ja puinen k\u00e4sisuoja ja varaosa tekev\u00e4t kopiosta eritt\u00e4in realistisen. T\u00e4m\u00e4 kiv\u00e4\u00e4ri ampuu 4,5 mm:n ter\u00e4spellettej\u00e4 ja sen voimanl\u00e4hteen\u00e4 on Co2.<\/p>\n<p>Kalashnikovin ajokortti<br \/>\nV\u00e4ri musta, puu<br \/>\nKaliiperi 4,5 mm<br \/>\nPakota Co2<br \/>\nPistoolin paino (kg) 3.7<br \/>\nTeho (joulea) 3.2<br \/>\nKuvaustila Puoliautomaattinen<br \/>\nMateriaalit ter\u00e4s ja puu<br \/>\nAseen pituus (mm) 880<br \/>\nTarjottimen kapasiteetti on 17 palloa<\/p>\n","protected":false},"featured_media":48119,"template":"","meta":{"_acf_changed":false},"product_brand":[],"product_cat":[253,671],"product_tag":[],"class_list":{"0":"post-48123","1":"product","2":"type-product","3":"status-publish","4":"has-post-thumbnail","6":"product_cat-ilmakivaarit-4-5mm","7":"product_cat-automaattiaseet","9":"first","10":"outofstock","11":"sale","12":"taxable","13":"shipping-taxable","14":"purchasable","15":"product-type-simple"},"acf":[],"_links":{"self":[{"href":"https:\/\/kingarms.ee\/fi\/wp-json\/wp\/v2\/product\/48123","targetHints":{"allow":["GET"]}}],"collection":[{"href":"https:\/\/kingarms.ee\/fi\/wp-json\/wp\/v2\/product"}],"about":[{"href":"https:\/\/kingarms.ee\/fi\/wp-json\/wp\/v2\/types\/product"}],"wp:featuredmedia":[{"embeddable":true,"href":"https:\/\/kingarms.ee\/fi\/wp-json\/wp\/v2\/media\/48119"}],"wp:attachment":[{"href":"https:\/\/kingarms.ee\/fi\/wp-json\/wp\/v2\/media?parent=48123"}],"wp:term":[{"taxonomy":"product_brand","embeddable":true,"href":"https:\/\/kingarms.ee\/fi\/wp-json\/wp\/v2\/product_brand?post=48123"},{"taxonomy":"product_cat","embeddable":true,"href":"https:\/\/kingarms.ee\/fi\/wp-json\/wp\/v2\/product_cat?post=48123"},{"taxonomy":"product_tag","embeddable":true,"href":"https:\/\/kingarms.ee\/fi\/wp-json\/wp\/v2\/product_tag?post=48123"}],"curies":[{"name":"wp","href":"https:\/\/api.w.org\/{rel}","templated":true}]}}