{"id":48448,"date":"2022-05-10T11:20:00","date_gmt":"2022-05-10T11:57:23","guid":{"rendered":"https:\/\/kingarms.ee\/product\/redox-lipo-2000-mah-7-4v-akku-20c\/"},"modified":"2022-05-10T14:57:23","modified_gmt":"2022-05-10T11:57:23","slug":"redox-lipo-2000-mah-7-4v-akku-20c","status":"publish","type":"product","link":"https:\/\/kingarms.ee\/fi\/product\/redox-lipo-2000-mah-7-4v-akku-20c\/","title":{"rendered":"Redox LiPo 2000 mAh 7.4V akku &#8211; 20C"},"content":{"rendered":"","protected":false},"excerpt":{"rendered":"<p>Redoxin ASG-sarjan yleisk\u00e4ytt\u00f6inen litiumpolymeeriakku, jonka kapasiteetti on <strong>2000 mAh<\/strong> , ja se koostuu kahdesta kennosta. L\u00e4ht\u00f6j\u00e4nnite on <strong>7,4 V<\/strong> ja vakiopurkausvirta <strong>20 C (40 A)<\/strong> . Akun l\u00e4hd\u00f6t ovat johtoja, jotka on p\u00e4\u00e4tetty DEAN-liittimell\u00e4 ja ulostulolla tasapainottimelle. Li-Pol-akkuja k\u00e4ytet\u00e4\u00e4n usein mallintamisessa ja robotiikassa. Redox-reppu on muodoltaan pitk\u00e4 ja kapea, joten se sopii ASG-kiv\u00e4\u00e4reihin sek\u00e4 kapeisiin purjelentokoneen runkoon.<\/p>\n","protected":false},"featured_media":48217,"template":"","meta":{"_acf_changed":false},"product_brand":[],"product_cat":[653],"product_tag":[],"class_list":{"0":"post-48448","1":"product","2":"type-product","3":"status-publish","4":"has-post-thumbnail","6":"product_cat-akut","8":"first","9":"onbackorder","10":"taxable","11":"shipping-taxable","12":"product-type-simple"},"acf":[],"_links":{"self":[{"href":"https:\/\/kingarms.ee\/fi\/wp-json\/wp\/v2\/product\/48448","targetHints":{"allow":["GET"]}}],"collection":[{"href":"https:\/\/kingarms.ee\/fi\/wp-json\/wp\/v2\/product"}],"about":[{"href":"https:\/\/kingarms.ee\/fi\/wp-json\/wp\/v2\/types\/product"}],"wp:featuredmedia":[{"embeddable":true,"href":"https:\/\/kingarms.ee\/fi\/wp-json\/wp\/v2\/media\/48217"}],"wp:attachment":[{"href":"https:\/\/kingarms.ee\/fi\/wp-json\/wp\/v2\/media?parent=48448"}],"wp:term":[{"taxonomy":"product_brand","embeddable":true,"href":"https:\/\/kingarms.ee\/fi\/wp-json\/wp\/v2\/product_brand?post=48448"},{"taxonomy":"product_cat","embeddable":true,"href":"https:\/\/kingarms.ee\/fi\/wp-json\/wp\/v2\/product_cat?post=48448"},{"taxonomy":"product_tag","embeddable":true,"href":"https:\/\/kingarms.ee\/fi\/wp-json\/wp\/v2\/product_tag?post=48448"}],"curies":[{"name":"wp","href":"https:\/\/api.w.org\/{rel}","templated":true}]}}