{"id":48457,"date":"2022-05-10T12:41:00","date_gmt":"2022-05-10T11:57:25","guid":{"rendered":"https:\/\/kingarms.ee\/product\/xts-105-1c-elektroninen-tavoiteharjoitussarja\/"},"modified":"2022-05-10T14:57:25","modified_gmt":"2022-05-10T11:57:25","slug":"xts-105-1c-electronic-target-practice-set-2","status":"publish","type":"product","link":"https:\/\/kingarms.ee\/fi\/product\/xts-105-1c-electronic-target-practice-set-2\/","title":{"rendered":"XTS-105 1C elektroninen tavoiteharjoitussarja"},"content":{"rendered":"","protected":false},"excerpt":{"rendered":"<p><strong><span lang=\"EN\">XTS-105 1C elektroninen tavoiteharjoitussarja<\/span><\/strong><\/p>\n<p><span lang=\"EN\">Laadukas harjoitussarja, joka koostuu 3 harjoitustavoitteesta s\u00e4hk\u00f6isen harjoitusj\u00e4rjestelm\u00e4n muodossa.<\/span><\/p>\n<p><span lang=\"EN\">XTS-105 on edistyksellinen, elektroninen koulutusj\u00e4rjestelm\u00e4, joka mahdollistaa tarkkuuden parantamisen. Se on ihanteellinen harjoitussarja AIPSC-ampujille. <\/span><\/p>\n<p><span lang=\"EN\">J\u00e4rjestelm\u00e4 koostuu:<\/span><\/p>\n<p><span lang=\"EN\">&#8211; ohjain, johon kohteet on kytketty<\/span><\/p>\n<p><span lang=\"EN\">&#8211; 3 kohdetta kytkettyn\u00e4 ohjaimeen<\/span><\/p>\n<p><span lang=\"EN\">&#8211; <span class=\"GramE\">virtal\u00e4hde<\/span><\/span><\/p>\n<p><span lang=\"EN\"><span class=\"GramE\">-virtakaapelit<\/span><\/span><\/p>\n<p><span lang=\"EN\">Ohjaimeen voi ohjelmoida nelj\u00e4 pelitilaa ja 15 vaikeustilaa. Pelitilasta riippuen maalit nousevat ja putoavat ja ohjain mittaa aikaa, osumia, ohituksia ja muita t\u00e4rkeit\u00e4 parametreja. Tulokset n\u00e4kyv\u00e4t ohjaimen LCD-n\u00e4yt\u00f6ll\u00e4. <\/span><\/p>\n<p><span lang=\"EN\">Kohteet on valmistettu alumiinista ja kest\u00e4v\u00e4st\u00e4 polymeerist\u00e4, mik\u00e4 vaikuttaa laitteen k\u00e4ytt\u00f6ik\u00e4\u00e4n.<\/span><\/p>\n<p><span lang=\"EN\">Setti saa virtansa Tamiya Mini -liittimell\u00e4 varustetusta ASG-kopiolle tarkoitetusta akusta tai 1,4A 50 &#8211; 60 Hz virtal\u00e4hteest\u00e4.<\/span><\/p>\n","protected":false},"featured_media":48302,"template":"","meta":{"_acf_changed":false},"product_brand":[],"product_cat":[812],"product_tag":[],"class_list":{"0":"post-48457","1":"product","2":"type-product","3":"status-publish","4":"has-post-thumbnail","6":"product_cat-ampumakoulutus","8":"first","9":"onbackorder","10":"taxable","11":"shipping-taxable","12":"product-type-simple"},"acf":[],"_links":{"self":[{"href":"https:\/\/kingarms.ee\/fi\/wp-json\/wp\/v2\/product\/48457","targetHints":{"allow":["GET"]}}],"collection":[{"href":"https:\/\/kingarms.ee\/fi\/wp-json\/wp\/v2\/product"}],"about":[{"href":"https:\/\/kingarms.ee\/fi\/wp-json\/wp\/v2\/types\/product"}],"wp:featuredmedia":[{"embeddable":true,"href":"https:\/\/kingarms.ee\/fi\/wp-json\/wp\/v2\/media\/48302"}],"wp:attachment":[{"href":"https:\/\/kingarms.ee\/fi\/wp-json\/wp\/v2\/media?parent=48457"}],"wp:term":[{"taxonomy":"product_brand","embeddable":true,"href":"https:\/\/kingarms.ee\/fi\/wp-json\/wp\/v2\/product_brand?post=48457"},{"taxonomy":"product_cat","embeddable":true,"href":"https:\/\/kingarms.ee\/fi\/wp-json\/wp\/v2\/product_cat?post=48457"},{"taxonomy":"product_tag","embeddable":true,"href":"https:\/\/kingarms.ee\/fi\/wp-json\/wp\/v2\/product_tag?post=48457"}],"curies":[{"name":"wp","href":"https:\/\/api.w.org\/{rel}","templated":true}]}}