{"id":48464,"date":"2022-05-10T12:52:00","date_gmt":"2022-05-10T11:57:27","guid":{"rendered":"https:\/\/kingarms.ee\/product\/ess-tactical-xt-lasit\/"},"modified":"2022-05-10T14:57:27","modified_gmt":"2022-05-10T11:57:27","slug":"ess-tactical-xt-goggles-2","status":"publish","type":"product","link":"https:\/\/kingarms.ee\/fi\/product\/ess-tactical-xt-goggles-2\/","title":{"rendered":"ESS TACTICAL XT -lasit"},"content":{"rendered":"","protected":false},"excerpt":{"rendered":"<p><strong><em>Tactical XT<\/em><\/strong> on eritt\u00e4in suorituskykyinen, taloudellinen suojalasi, joka on suunniteltu erityisesti taktisiin operaatioihin.<\/p>\n<p>2,6 mm:n iskunkest\u00e4v\u00e4t linssit tarjoavat luotettavan iskusuojan, ja 40 mm:n hihnassa on liukus\u00e4\u00e4timet hihnan helppoa s\u00e4\u00e4t\u00e4mist\u00e4 varten.<\/p>\n<p>Tilava <strong><em>Striker<\/em><\/strong> -kehys on suunniteltu sopimaan useimpien silm\u00e4lasien p\u00e4\u00e4lle.<\/p>\n<p>Kaikki <strong><em>Striker<\/em><\/strong> <strong><em>-sarjan<\/em><\/strong> linssit tarjoavat 100 % UVA\/UVB-suojan ja v\u00e4\u00e4ristym\u00e4tt\u00f6m\u00e4n optisen kirkkauden.<\/p>\n","protected":false},"featured_media":48308,"template":"","meta":{"_acf_changed":false},"product_brand":[],"product_cat":[636],"product_tag":[],"class_list":{"0":"post-48464","1":"product","2":"type-product","3":"status-publish","4":"has-post-thumbnail","6":"product_cat-ballistiset-silmalasit","8":"first","9":"instock","10":"sale","11":"taxable","12":"shipping-taxable","13":"purchasable","14":"product-type-simple"},"acf":[],"_links":{"self":[{"href":"https:\/\/kingarms.ee\/fi\/wp-json\/wp\/v2\/product\/48464","targetHints":{"allow":["GET"]}}],"collection":[{"href":"https:\/\/kingarms.ee\/fi\/wp-json\/wp\/v2\/product"}],"about":[{"href":"https:\/\/kingarms.ee\/fi\/wp-json\/wp\/v2\/types\/product"}],"wp:featuredmedia":[{"embeddable":true,"href":"https:\/\/kingarms.ee\/fi\/wp-json\/wp\/v2\/media\/48308"}],"wp:attachment":[{"href":"https:\/\/kingarms.ee\/fi\/wp-json\/wp\/v2\/media?parent=48464"}],"wp:term":[{"taxonomy":"product_brand","embeddable":true,"href":"https:\/\/kingarms.ee\/fi\/wp-json\/wp\/v2\/product_brand?post=48464"},{"taxonomy":"product_cat","embeddable":true,"href":"https:\/\/kingarms.ee\/fi\/wp-json\/wp\/v2\/product_cat?post=48464"},{"taxonomy":"product_tag","embeddable":true,"href":"https:\/\/kingarms.ee\/fi\/wp-json\/wp\/v2\/product_tag?post=48464"}],"curies":[{"name":"wp","href":"https:\/\/api.w.org\/{rel}","templated":true}]}}