{"id":48465,"date":"2022-05-10T13:52:00","date_gmt":"2022-05-10T11:57:27","guid":{"rendered":"https:\/\/kingarms.ee\/product\/sivusuojasarja-fast-fg-kyparille\/"},"modified":"2022-05-10T14:57:27","modified_gmt":"2022-05-10T11:57:27","slug":"joukko-sivusuojuksia-nopeille-fg-kyparille","status":"publish","type":"product","link":"https:\/\/kingarms.ee\/fi\/product\/joukko-sivusuojuksia-nopeille-fg-kyparille\/","title":{"rendered":"Sivusuojasarja FAST-FG-kyp\u00e4rille"},"content":{"rendered":"","protected":false},"excerpt":{"rendered":"<div id=\" component_projector_longdescription_not \" class=\"projector_longdescription cm\">\n<p>Sivusuoja (poski) kattaa kopioita, jotka on suunniteltu asennettaviksi FAST-kyp\u00e4riin lis\u00e4suojaamaan k\u00e4ytt\u00e4j\u00e4n kasvoja. P\u00e4\u00e4llisten asentaminen on mahdollista erikseen hankittavan FAST-kyp\u00e4r\u00e4n kiinnityskiskosarjan (TB-290) avulla.<\/p>\n<\/div>\n<div id=\"component_projector_cms\" class=\"component_projector_cms cm\">\n<div class=\"n56196_main\">\n<div class=\"n56196_sub\">\n<p>Tuote ei ole ballistinen suoja eik\u00e4 sill\u00e4 ole muita suojaavia ominaisuuksia. Sit\u00e4 ei ole tarkoitettu k\u00e4ytett\u00e4v\u00e4ksi suojatarkoituksiin, mukaan lukien taktiset\/sota\/ASG-pelit.<\/p>\n<p>Tuotteen k\u00e4ytt\u00f6 ballistiseen suojaukseen ja\/tai muihin suojatarkoituksiin, mukaan lukien k\u00e4ytt\u00f6 taktisissa\/sota-\/ASG-peleiss\u00e4, on tuotteen k\u00e4ytt\u00f6tarkoituksen vastaista k\u00e4ytt\u00f6\u00e4, jolloin ostaja tekee sen yksinomaan riski.<\/p>\n<\/div>\n<\/div>\n<\/div>\n","protected":false},"featured_media":48343,"template":"","meta":{"_acf_changed":false},"product_brand":[],"product_cat":[835,261,259],"product_tag":[],"class_list":{"0":"post-48465","1":"product","2":"type-product","3":"status-publish","4":"has-post-thumbnail","6":"product_cat-kyparakiinnikkeet","7":"product_cat-kyparat","8":"product_cat-suojavarusteet","10":"first","11":"instock","12":"taxable","13":"shipping-taxable","14":"purchasable","15":"product-type-simple"},"acf":[],"_links":{"self":[{"href":"https:\/\/kingarms.ee\/fi\/wp-json\/wp\/v2\/product\/48465","targetHints":{"allow":["GET"]}}],"collection":[{"href":"https:\/\/kingarms.ee\/fi\/wp-json\/wp\/v2\/product"}],"about":[{"href":"https:\/\/kingarms.ee\/fi\/wp-json\/wp\/v2\/types\/product"}],"wp:featuredmedia":[{"embeddable":true,"href":"https:\/\/kingarms.ee\/fi\/wp-json\/wp\/v2\/media\/48343"}],"wp:attachment":[{"href":"https:\/\/kingarms.ee\/fi\/wp-json\/wp\/v2\/media?parent=48465"}],"wp:term":[{"taxonomy":"product_brand","embeddable":true,"href":"https:\/\/kingarms.ee\/fi\/wp-json\/wp\/v2\/product_brand?post=48465"},{"taxonomy":"product_cat","embeddable":true,"href":"https:\/\/kingarms.ee\/fi\/wp-json\/wp\/v2\/product_cat?post=48465"},{"taxonomy":"product_tag","embeddable":true,"href":"https:\/\/kingarms.ee\/fi\/wp-json\/wp\/v2\/product_tag?post=48465"}],"curies":[{"name":"wp","href":"https:\/\/api.w.org\/{rel}","templated":true}]}}