{"id":48467,"date":"2022-05-10T13:54:00","date_gmt":"2022-05-10T11:57:27","guid":{"rendered":"https:\/\/kingarms.ee\/product\/suojalasien-kaantyvat-pidikkeet-36mm-tan\/"},"modified":"2022-05-10T14:57:27","modified_gmt":"2022-05-10T11:57:27","slug":"suojalasit-kaantopidikkeet-36mm","status":"publish","type":"product","link":"https:\/\/kingarms.ee\/fi\/product\/suojalasit-kaantopidikkeet-36mm\/","title":{"rendered":"Suojalasien k\u00e4\u00e4ntyv\u00e4t pidikkeet (36mm) Tan"},"content":{"rendered":"","protected":false},"excerpt":{"rendered":"<p><strong>Suojalasien k\u00e4\u00e4ntyv\u00e4t pidikkeet (36 mm)<\/strong><\/p>\n<p>Kahden suojalasien k\u00e4\u00e4ntyv\u00e4n pidikkeen sarja suojalaseille, joissa on <strong>36 mm<\/strong> :n nauha. Klipsit on suunniteltu asennettavaksi FAST-tyyppisten kyp\u00e4r\u00e4n <strong>sivukaiteisiin<\/strong> .<\/p>\n","protected":false},"featured_media":48352,"template":"","meta":{"_acf_changed":false},"product_brand":[],"product_cat":[261,835],"product_tag":[],"class_list":{"0":"post-48467","1":"product","2":"type-product","3":"status-publish","4":"has-post-thumbnail","6":"product_cat-kyparat","7":"product_cat-kyparakiinnikkeet","9":"first","10":"instock","11":"taxable","12":"shipping-taxable","13":"purchasable","14":"product-type-simple"},"acf":[],"_links":{"self":[{"href":"https:\/\/kingarms.ee\/fi\/wp-json\/wp\/v2\/product\/48467","targetHints":{"allow":["GET"]}}],"collection":[{"href":"https:\/\/kingarms.ee\/fi\/wp-json\/wp\/v2\/product"}],"about":[{"href":"https:\/\/kingarms.ee\/fi\/wp-json\/wp\/v2\/types\/product"}],"wp:featuredmedia":[{"embeddable":true,"href":"https:\/\/kingarms.ee\/fi\/wp-json\/wp\/v2\/media\/48352"}],"wp:attachment":[{"href":"https:\/\/kingarms.ee\/fi\/wp-json\/wp\/v2\/media?parent=48467"}],"wp:term":[{"taxonomy":"product_brand","embeddable":true,"href":"https:\/\/kingarms.ee\/fi\/wp-json\/wp\/v2\/product_brand?post=48467"},{"taxonomy":"product_cat","embeddable":true,"href":"https:\/\/kingarms.ee\/fi\/wp-json\/wp\/v2\/product_cat?post=48467"},{"taxonomy":"product_tag","embeddable":true,"href":"https:\/\/kingarms.ee\/fi\/wp-json\/wp\/v2\/product_tag?post=48467"}],"curies":[{"name":"wp","href":"https:\/\/api.w.org\/{rel}","templated":true}]}}