{"id":48486,"date":"2022-05-10T13:49:00","date_gmt":"2022-05-10T10:49:00","guid":{"rendered":"https:\/\/kingarms.ee\/product\/moniprosessori-wave-charger\/"},"modified":"2022-05-10T14:57:32","modified_gmt":"2022-05-10T11:57:32","slug":"moniprosessori-aalto-laturi","status":"publish","type":"product","link":"https:\/\/kingarms.ee\/fi\/product\/moniprosessori-aalto-laturi\/","title":{"rendered":"Moniprosessori Wave Charger"},"content":{"rendered":"","protected":false},"excerpt":{"rendered":"<p><span lang=\"EN-GB\">Electro River\u2122 on <strong>uusi laatu<\/strong> virtal\u00e4hdemarkkinoilla. Valmistaja on asettanut itselleen tavoitteeksi luoda tuotteen, jonka laatu <strong>vastaa akkumarkkinoiden parhaitakin toimijoita<\/strong> s\u00e4ilytt\u00e4en samalla <span class=\"apple-converted-space\"> <\/span><strong>houkutteleva hinta<\/strong> . Electro River\u2122 yritt\u00e4\u00e4 vastata pelaajien tarpeisiin. Br\u00e4ndin tarjontaan kuuluu tehokkaita <span class=\"SpellE\">LiPo<\/span> -pakkauksia monessa eri tyypiss\u00e4 ja koossa, mikroprosessorilaturit ja -tarvikkeet.<\/span><\/p>\n<p><span lang=\"EN-GB\">Jokainen joki <strong>aloittaa kulkunsa l\u00e4hteest\u00e4<\/strong> . T\u00e4sm\u00e4lleen sama kuin Electro River akku, joka ei voi toimia tehokkaasti ilman virtal\u00e4hdett\u00e4, joka on laturi. Uusi, monitoiminen Wave\u2122-mikroprosessorilaturi mahdollistaa <strong>kaikentyyppisten markkinoilla olevien kennojen<\/strong> tehokkaan latauksen\/purkauksen.<span class=\"apple-converted-space\"> <\/span><strong> laaja valikoima konfiguraatioita<\/strong><span class=\"apple-converted-space\"> <\/span> ty\u00f6tapoja ja <strong>maksimaalista turvallisuutta<\/strong><span class=\"apple-converted-space\"> <\/span> akulle ja k\u00e4ytt\u00e4j\u00e4lle. Laturissa on <strong>sis\u00e4\u00e4nrakennettu virtal\u00e4hde ja tasapainotin<\/strong> ja se on ominaista sille <span class=\"apple-converted-space\"> <\/span><strong>intuitiivinen k\u00e4ytt\u00f6<\/strong> .<\/span><\/p>\n<p><strong><span lang=\"EN-GB\">Laturin tekniset tiedot:<\/span><\/strong><\/p>\n<p><span lang=\"EN-GB\">Tuloj\u00e4nnite: 11-18V (DC) \/ 100-240V (AC)<br \/>\nLatausj\u00e4nnite: 0,1-6,0A<br \/>\nSuurin latausnopeus: 80W<br \/>\nPurkausj\u00e4nnite: 0,1-2,0 A<br \/>\nSuurin purkausnopeus: 10W<br \/>\nTasapainotusvirta: max. 300 <span class=\"SpellE\">mAh<\/span> \/kenno<br \/>\nSovellettavat akkutyypit: Ni-MH\/Ni-Cd: 1-15 kennoa \/ <span class=\"SpellE\">LiPo<\/span> \/ <span class=\"SpellE\">LiFe<\/span> \/ <span class=\"SpellE\">LiIon<\/span> : 1-6 kennoa<br \/>\n<span class=\"SpellE\">Pb<\/span> -akun j\u00e4nnite: 2-20V<\/span><\/p>\n<p><strong><span lang=\"EN-GB\">Setti sis\u00e4lt\u00e4\u00e4:<\/span><\/strong><\/p>\n<p><span lang=\"EN-GB\">-laturi<br \/>\n&#8211; s\u00e4hk\u00f6johto<br \/>\n&#8211; 12 V DC (Jack) virtajohto<br \/>\n&#8211; sarja DEAN\/Tamiya pieni\u00e4, DEAN\/leikkeit\u00e4<\/span><\/p>\n","protected":false},"featured_media":48330,"template":"","meta":{"_acf_changed":false},"product_brand":[],"product_cat":[654],"product_tag":[],"class_list":{"0":"post-48486","1":"product","2":"type-product","3":"status-publish","4":"has-post-thumbnail","6":"product_cat-lataajat","8":"first","9":"instock","10":"taxable","11":"shipping-taxable","12":"purchasable","13":"product-type-simple"},"acf":[],"_links":{"self":[{"href":"https:\/\/kingarms.ee\/fi\/wp-json\/wp\/v2\/product\/48486","targetHints":{"allow":["GET"]}}],"collection":[{"href":"https:\/\/kingarms.ee\/fi\/wp-json\/wp\/v2\/product"}],"about":[{"href":"https:\/\/kingarms.ee\/fi\/wp-json\/wp\/v2\/types\/product"}],"wp:featuredmedia":[{"embeddable":true,"href":"https:\/\/kingarms.ee\/fi\/wp-json\/wp\/v2\/media\/48330"}],"wp:attachment":[{"href":"https:\/\/kingarms.ee\/fi\/wp-json\/wp\/v2\/media?parent=48486"}],"wp:term":[{"taxonomy":"product_brand","embeddable":true,"href":"https:\/\/kingarms.ee\/fi\/wp-json\/wp\/v2\/product_brand?post=48486"},{"taxonomy":"product_cat","embeddable":true,"href":"https:\/\/kingarms.ee\/fi\/wp-json\/wp\/v2\/product_cat?post=48486"},{"taxonomy":"product_tag","embeddable":true,"href":"https:\/\/kingarms.ee\/fi\/wp-json\/wp\/v2\/product_tag?post=48486"}],"curies":[{"name":"wp","href":"https:\/\/api.w.org\/{rel}","templated":true}]}}