{"id":48492,"date":"2022-05-10T14:12:00","date_gmt":"2022-05-10T11:57:34","guid":{"rendered":"https:\/\/kingarms.ee\/product\/universaalit-fma-kyparan-hihnat\/"},"modified":"2022-05-10T14:57:34","modified_gmt":"2022-05-10T11:57:34","slug":"universaali-fma-kypara-hihnat","status":"publish","type":"product","link":"https:\/\/kingarms.ee\/fi\/product\/universaali-fma-kypara-hihnat\/","title":{"rendered":"Universaalit FMA-kyp\u00e4r\u00e4n hihnat"},"content":{"rendered":"","protected":false},"excerpt":{"rendered":"<p><strong>FMA universaali kyp\u00e4r\u00e4nauha<\/strong><\/p>\n<p>Universaali nailonista ja polymeerist\u00e4 valmistettu nauha FMA-kyp\u00e4rille. Sarja sis\u00e4lt\u00e4\u00e4 nauhan lis\u00e4ksi kaikki asennukseen tarvittavat kiinnitysruuvit.<\/p>\n","protected":false},"featured_media":48407,"template":"","meta":{"_acf_changed":false},"product_brand":[],"product_cat":[835],"product_tag":[],"class_list":{"0":"post-48492","1":"product","2":"type-product","3":"status-publish","4":"has-post-thumbnail","6":"product_cat-kyparakiinnikkeet","8":"first","9":"instock","10":"taxable","11":"shipping-taxable","12":"purchasable","13":"product-type-simple"},"acf":[],"_links":{"self":[{"href":"https:\/\/kingarms.ee\/fi\/wp-json\/wp\/v2\/product\/48492","targetHints":{"allow":["GET"]}}],"collection":[{"href":"https:\/\/kingarms.ee\/fi\/wp-json\/wp\/v2\/product"}],"about":[{"href":"https:\/\/kingarms.ee\/fi\/wp-json\/wp\/v2\/types\/product"}],"wp:featuredmedia":[{"embeddable":true,"href":"https:\/\/kingarms.ee\/fi\/wp-json\/wp\/v2\/media\/48407"}],"wp:attachment":[{"href":"https:\/\/kingarms.ee\/fi\/wp-json\/wp\/v2\/media?parent=48492"}],"wp:term":[{"taxonomy":"product_brand","embeddable":true,"href":"https:\/\/kingarms.ee\/fi\/wp-json\/wp\/v2\/product_brand?post=48492"},{"taxonomy":"product_cat","embeddable":true,"href":"https:\/\/kingarms.ee\/fi\/wp-json\/wp\/v2\/product_cat?post=48492"},{"taxonomy":"product_tag","embeddable":true,"href":"https:\/\/kingarms.ee\/fi\/wp-json\/wp\/v2\/product_tag?post=48492"}],"curies":[{"name":"wp","href":"https:\/\/api.w.org\/{rel}","templated":true}]}}