{"id":48501,"date":"2022-05-10T14:20:00","date_gmt":"2022-05-10T11:57:36","guid":{"rendered":"https:\/\/kingarms.ee\/product\/adapteri-tamiya-largelle-t-connectille\/"},"modified":"2022-05-10T14:57:36","modified_gmt":"2022-05-10T11:57:36","slug":"adapteri-akku-tamiya-large-t-connect","status":"publish","type":"product","link":"https:\/\/kingarms.ee\/fi\/product\/adapteri-akku-tamiya-large-t-connect\/","title":{"rendered":"Adapteri Tamiya Largelle \/ T-Connectille"},"content":{"rendered":"","protected":false},"excerpt":{"rendered":"<p>T\u00e4m\u00e4n Electro Riverin adapterin avulla voit liitt\u00e4\u00e4 akkuja ASG-kopioiden tai laturien s\u00e4hk\u00f6j\u00e4rjestelmiin. Tuotteessa on uros Tamiya iso liitin ja uros T-DEAN-liitin. Tamiya-liitin on varustettu lukitussalvalla, joka est\u00e4\u00e4 tahattoman irrottamisen. Tuotteen nettopaino on 5 g.<\/p>\n","protected":false},"featured_media":48422,"template":"","meta":{"_acf_changed":false},"product_brand":[],"product_cat":[243],"product_tag":[],"class_list":{"0":"post-48501","1":"product","2":"type-product","3":"status-publish","4":"has-post-thumbnail","6":"product_cat-paristot-ja-laturit","8":"first","9":"instock","10":"taxable","11":"shipping-taxable","12":"purchasable","13":"product-type-simple"},"acf":[],"_links":{"self":[{"href":"https:\/\/kingarms.ee\/fi\/wp-json\/wp\/v2\/product\/48501","targetHints":{"allow":["GET"]}}],"collection":[{"href":"https:\/\/kingarms.ee\/fi\/wp-json\/wp\/v2\/product"}],"about":[{"href":"https:\/\/kingarms.ee\/fi\/wp-json\/wp\/v2\/types\/product"}],"wp:featuredmedia":[{"embeddable":true,"href":"https:\/\/kingarms.ee\/fi\/wp-json\/wp\/v2\/media\/48422"}],"wp:attachment":[{"href":"https:\/\/kingarms.ee\/fi\/wp-json\/wp\/v2\/media?parent=48501"}],"wp:term":[{"taxonomy":"product_brand","embeddable":true,"href":"https:\/\/kingarms.ee\/fi\/wp-json\/wp\/v2\/product_brand?post=48501"},{"taxonomy":"product_cat","embeddable":true,"href":"https:\/\/kingarms.ee\/fi\/wp-json\/wp\/v2\/product_cat?post=48501"},{"taxonomy":"product_tag","embeddable":true,"href":"https:\/\/kingarms.ee\/fi\/wp-json\/wp\/v2\/product_tag?post=48501"}],"curies":[{"name":"wp","href":"https:\/\/api.w.org\/{rel}","templated":true}]}}