{"id":48656,"date":"2022-05-10T15:32:00","date_gmt":"2022-05-10T14:32:40","guid":{"rendered":"https:\/\/kingarms.ee\/product\/ffg-1-kulmikas-etukahva-fma\/"},"modified":"2022-05-10T17:32:40","modified_gmt":"2022-05-10T14:32:40","slug":"ffg-1-kulmainen-fore-grip-fma","status":"publish","type":"product","link":"https:\/\/kingarms.ee\/fi\/product\/ffg-1-kulmainen-fore-grip-fma\/","title":{"rendered":"FFG-1 kulmikas etukahva [FMA]"},"content":{"rendered":"","protected":false},"excerpt":{"rendered":"<p>Kulmallinen etukahva<\/p>\n<p>Kulmassa oleva etukahva kest\u00e4v\u00e4st\u00e4 nylonpolymeerist\u00e4. Kulmassa oleva etukahva on vaihtoehto klassiselle pystysuoralle etukahvalle. K\u00e4den asettelu, jonka kahvan muoto pakottaa, saa k\u00e4ytt\u00e4j\u00e4n asettamaan peukalon etukahvaa pitkin, mik\u00e4 tarjoaa vakaan ja mukavan otteen kopiosta sek\u00e4 t\u00e4ht\u00e4ess\u00e4\u00e4n ett\u00e4 nopean kohteen hankinnan aikana.<\/p>\n<p>Yhteensopiva mink\u00e4 tahansa replikan kanssa, joka on varustettu vakiona 22 mm:n RIS-kiskolla.<\/p>\n","protected":false},"featured_media":48528,"template":"","meta":{"_acf_changed":false},"product_brand":[],"product_cat":[245],"product_tag":[],"class_list":{"0":"post-48656","1":"product","2":"type-product","3":"status-publish","4":"has-post-thumbnail","6":"product_cat-kahvat-renkaat-vyot","8":"first","9":"onbackorder","10":"taxable","11":"shipping-taxable","12":"product-type-simple"},"acf":[],"_links":{"self":[{"href":"https:\/\/kingarms.ee\/fi\/wp-json\/wp\/v2\/product\/48656","targetHints":{"allow":["GET"]}}],"collection":[{"href":"https:\/\/kingarms.ee\/fi\/wp-json\/wp\/v2\/product"}],"about":[{"href":"https:\/\/kingarms.ee\/fi\/wp-json\/wp\/v2\/types\/product"}],"wp:featuredmedia":[{"embeddable":true,"href":"https:\/\/kingarms.ee\/fi\/wp-json\/wp\/v2\/media\/48528"}],"wp:attachment":[{"href":"https:\/\/kingarms.ee\/fi\/wp-json\/wp\/v2\/media?parent=48656"}],"wp:term":[{"taxonomy":"product_brand","embeddable":true,"href":"https:\/\/kingarms.ee\/fi\/wp-json\/wp\/v2\/product_brand?post=48656"},{"taxonomy":"product_cat","embeddable":true,"href":"https:\/\/kingarms.ee\/fi\/wp-json\/wp\/v2\/product_cat?post=48656"},{"taxonomy":"product_tag","embeddable":true,"href":"https:\/\/kingarms.ee\/fi\/wp-json\/wp\/v2\/product_tag?post=48656"}],"curies":[{"name":"wp","href":"https:\/\/api.w.org\/{rel}","templated":true}]}}