{"id":48660,"date":"2022-05-10T15:13:00","date_gmt":"2022-05-10T14:32:40","guid":{"rendered":"https:\/\/kingarms.ee\/product\/kayttovyhna-ak-47lle\/"},"modified":"2023-12-16T15:13:35","modified_gmt":"2023-12-16T12:13:35","slug":"kantohihna-ak-47lle","status":"publish","type":"product","link":"https:\/\/kingarms.ee\/fi\/product\/kantohihna-ak-47lle\/","title":{"rendered":"K\u00c4YTT\u00d6VYHN\u00c4 AK 47:lle"},"content":{"rendered":"","protected":false},"excerpt":{"rendered":"<p>Alkuper\u00e4inen kannusvy\u00f6 ak 47, sks tai swd-kiv\u00e4\u00e4riin<\/p>\n","protected":false},"featured_media":95004,"template":"","meta":{"_acf_changed":false},"product_brand":[],"product_cat":[656],"product_tag":[],"class_list":{"0":"post-48660","1":"product","2":"type-product","3":"status-publish","4":"has-post-thumbnail","6":"product_cat-kasivarsien-hihnat","8":"first","9":"onbackorder","10":"taxable","11":"shipping-taxable","12":"product-type-simple"},"acf":[],"_links":{"self":[{"href":"https:\/\/kingarms.ee\/fi\/wp-json\/wp\/v2\/product\/48660","targetHints":{"allow":["GET"]}}],"collection":[{"href":"https:\/\/kingarms.ee\/fi\/wp-json\/wp\/v2\/product"}],"about":[{"href":"https:\/\/kingarms.ee\/fi\/wp-json\/wp\/v2\/types\/product"}],"wp:featuredmedia":[{"embeddable":true,"href":"https:\/\/kingarms.ee\/fi\/wp-json\/wp\/v2\/media\/95004"}],"wp:attachment":[{"href":"https:\/\/kingarms.ee\/fi\/wp-json\/wp\/v2\/media?parent=48660"}],"wp:term":[{"taxonomy":"product_brand","embeddable":true,"href":"https:\/\/kingarms.ee\/fi\/wp-json\/wp\/v2\/product_brand?post=48660"},{"taxonomy":"product_cat","embeddable":true,"href":"https:\/\/kingarms.ee\/fi\/wp-json\/wp\/v2\/product_cat?post=48660"},{"taxonomy":"product_tag","embeddable":true,"href":"https:\/\/kingarms.ee\/fi\/wp-json\/wp\/v2\/product_tag?post=48660"}],"curies":[{"name":"wp","href":"https:\/\/api.w.org\/{rel}","templated":true}]}}