{"id":48669,"date":"2022-05-10T15:43:00","date_gmt":"2022-05-10T14:32:42","guid":{"rendered":"https:\/\/kingarms.ee\/product\/walther-point-sight-eps3\/"},"modified":"2022-05-10T17:32:42","modified_gmt":"2022-05-10T14:32:42","slug":"walther-point-sight-eps3-2","status":"publish","type":"product","link":"https:\/\/kingarms.ee\/fi\/product\/walther-point-sight-eps3-2\/","title":{"rendered":"WALTHER POINT SIGHT EPS3"},"content":{"rendered":"","protected":false},"excerpt":{"rendered":"<p>Evolution Point Sight 3:ssa on hienos\u00e4\u00e4dett\u00e4v\u00e4 punainen piste, jonka halkaisija on 4 MOA. Kirkkausasetuksia on 7. EPS 3 ei kuitenkaan ole vain punapistet\u00e4ht\u00e4in. Se on t\u00e4ydellinen sarja, joka koostuu t\u00e4ht\u00e4imest\u00e4 ja 3 tehon suurennuslasista tukevassa polymeerivaipassa. Lis\u00e4ksi se on varustettu yl\u00f6sk\u00e4\u00e4nnett\u00e4vill\u00e4 linssisuojuksilla ja suojilla s\u00e4\u00e4t\u00f6nuppeja varten. Toinen hy\u00f6dyllinen ominaisuus on offset-kiinnitys, joka lis\u00e4\u00e4 merkitt\u00e4v\u00e4sti asennuskiskon s\u00e4\u00e4t\u00f6aluetta. Optiset komponentit ovat eritt\u00e4in hyvin ankkuroituja, ja jokaisessa komponentissa on 3 ruuvia.<br \/>\nKirkkaus s\u00e4\u00e4dett\u00e4viss\u00e4 7 asetuksella<\/p>\n","protected":false},"featured_media":48546,"template":"","meta":{"_acf_changed":false},"product_brand":[],"product_cat":[248,660],"product_tag":[],"class_list":{"0":"post-48669","1":"product","2":"type-product","3":"status-publish","4":"has-post-thumbnail","6":"product_cat-kohteet","7":"product_cat-punapistetahtaimet","9":"first","10":"onbackorder","11":"sale","12":"taxable","13":"shipping-taxable","14":"product-type-simple"},"acf":[],"_links":{"self":[{"href":"https:\/\/kingarms.ee\/fi\/wp-json\/wp\/v2\/product\/48669","targetHints":{"allow":["GET"]}}],"collection":[{"href":"https:\/\/kingarms.ee\/fi\/wp-json\/wp\/v2\/product"}],"about":[{"href":"https:\/\/kingarms.ee\/fi\/wp-json\/wp\/v2\/types\/product"}],"wp:featuredmedia":[{"embeddable":true,"href":"https:\/\/kingarms.ee\/fi\/wp-json\/wp\/v2\/media\/48546"}],"wp:attachment":[{"href":"https:\/\/kingarms.ee\/fi\/wp-json\/wp\/v2\/media?parent=48669"}],"wp:term":[{"taxonomy":"product_brand","embeddable":true,"href":"https:\/\/kingarms.ee\/fi\/wp-json\/wp\/v2\/product_brand?post=48669"},{"taxonomy":"product_cat","embeddable":true,"href":"https:\/\/kingarms.ee\/fi\/wp-json\/wp\/v2\/product_cat?post=48669"},{"taxonomy":"product_tag","embeddable":true,"href":"https:\/\/kingarms.ee\/fi\/wp-json\/wp\/v2\/product_tag?post=48669"}],"curies":[{"name":"wp","href":"https:\/\/api.w.org\/{rel}","templated":true}]}}