{"id":48674,"date":"2022-05-10T16:24:00","date_gmt":"2022-05-10T14:32:44","guid":{"rendered":"https:\/\/kingarms.ee\/product\/omega-stock-mil-spec-trinity-force\/"},"modified":"2024-08-08T19:12:50","modified_gmt":"2024-08-08T16:12:50","slug":"omega-stock-mil-spec-trinity-force-2-2","status":"publish","type":"product","link":"https:\/\/kingarms.ee\/fi\/product\/omega-stock-mil-spec-trinity-force-2-2\/","title":{"rendered":"Omega Stock Mil Spec [Trinity Force]"},"content":{"rendered":"","protected":false},"excerpt":{"rendered":"<p>Omega Stock Mil Spec<\/p>\n<p>Roiskeeton muotoilu, joka est\u00e4\u00e4 varusteiden sotkeutumisen<br \/>\nUseita nostoliinakiinnityspisteit\u00e4, mukaan lukien QD-k\u00e4\u00e4nn\u00f6skannattimet<br \/>\nIso kumipehmuste, joka on irrotettava<br \/>\nTasainen tarkistuslepo<br \/>\nLukitusklipsi varmistaaksesi sijoituksen<\/p>\n","protected":false},"featured_media":48576,"template":"","meta":{"_acf_changed":false},"product_brand":[],"product_cat":[461],"product_tag":[],"class_list":{"0":"post-48674","1":"product","2":"type-product","3":"status-publish","4":"has-post-thumbnail","6":"product_cat-kivaarin-varasto","8":"first","9":"instock","10":"taxable","11":"shipping-taxable","12":"purchasable","13":"product-type-simple"},"acf":[],"_links":{"self":[{"href":"https:\/\/kingarms.ee\/fi\/wp-json\/wp\/v2\/product\/48674","targetHints":{"allow":["GET"]}}],"collection":[{"href":"https:\/\/kingarms.ee\/fi\/wp-json\/wp\/v2\/product"}],"about":[{"href":"https:\/\/kingarms.ee\/fi\/wp-json\/wp\/v2\/types\/product"}],"wp:featuredmedia":[{"embeddable":true,"href":"https:\/\/kingarms.ee\/fi\/wp-json\/wp\/v2\/media\/48576"}],"wp:attachment":[{"href":"https:\/\/kingarms.ee\/fi\/wp-json\/wp\/v2\/media?parent=48674"}],"wp:term":[{"taxonomy":"product_brand","embeddable":true,"href":"https:\/\/kingarms.ee\/fi\/wp-json\/wp\/v2\/product_brand?post=48674"},{"taxonomy":"product_cat","embeddable":true,"href":"https:\/\/kingarms.ee\/fi\/wp-json\/wp\/v2\/product_cat?post=48674"},{"taxonomy":"product_tag","embeddable":true,"href":"https:\/\/kingarms.ee\/fi\/wp-json\/wp\/v2\/product_tag?post=48674"}],"curies":[{"name":"wp","href":"https:\/\/api.w.org\/{rel}","templated":true}]}}