{"id":48686,"date":"2022-05-10T17:16:00","date_gmt":"2022-05-10T14:32:48","guid":{"rendered":"https:\/\/kingarms.ee\/product\/hi-capa-5-1-dor-gbb-tokyo-marui\/"},"modified":"2024-08-08T19:10:59","modified_gmt":"2024-08-08T16:10:59","slug":"hi-capa-5-1-dor-gbb-tokyo-marui","status":"publish","type":"product","link":"https:\/\/kingarms.ee\/fi\/product\/hi-capa-5-1-dor-gbb-tokyo-marui\/","title":{"rendered":"Hi-Capa 5.1 DOR GBB [Tokyo Marui]"},"content":{"rendered":"","protected":false},"excerpt":{"rendered":"<p>Hi-Capa 5.1 DOR GBB [Tokyo Marui]<\/p>\n<p>Hop-Up: S\u00e4\u00e4dett\u00e4v\u00e4<br \/>\nKuvaustila: Puoliautomaattinen<br \/>\nLehden kapasiteetti: 30 rds<br \/>\nPituus: 220 mm<br \/>\nPiipun sis\u00e4pituus: 110 mm<br \/>\nLanka: Ei ketjua<br \/>\nKaliiperi: 6 mm<br \/>\nPaino: 840 g<br \/>\nL\u00e4hetyksen paino: 1,2 kg<\/p>\n","protected":false},"featured_media":48654,"template":"","meta":{"_acf_changed":false},"product_brand":[],"product_cat":[252],"product_tag":[],"class_list":{"0":"post-48686","1":"product","2":"type-product","3":"status-publish","4":"has-post-thumbnail","6":"product_cat-kaasutoimiset-aseet","8":"first","9":"onbackorder","10":"taxable","11":"shipping-taxable","12":"product-type-simple"},"acf":[],"_links":{"self":[{"href":"https:\/\/kingarms.ee\/fi\/wp-json\/wp\/v2\/product\/48686","targetHints":{"allow":["GET"]}}],"collection":[{"href":"https:\/\/kingarms.ee\/fi\/wp-json\/wp\/v2\/product"}],"about":[{"href":"https:\/\/kingarms.ee\/fi\/wp-json\/wp\/v2\/types\/product"}],"wp:featuredmedia":[{"embeddable":true,"href":"https:\/\/kingarms.ee\/fi\/wp-json\/wp\/v2\/media\/48654"}],"wp:attachment":[{"href":"https:\/\/kingarms.ee\/fi\/wp-json\/wp\/v2\/media?parent=48686"}],"wp:term":[{"taxonomy":"product_brand","embeddable":true,"href":"https:\/\/kingarms.ee\/fi\/wp-json\/wp\/v2\/product_brand?post=48686"},{"taxonomy":"product_cat","embeddable":true,"href":"https:\/\/kingarms.ee\/fi\/wp-json\/wp\/v2\/product_cat?post=48686"},{"taxonomy":"product_tag","embeddable":true,"href":"https:\/\/kingarms.ee\/fi\/wp-json\/wp\/v2\/product_tag?post=48686"}],"curies":[{"name":"wp","href":"https:\/\/api.w.org\/{rel}","templated":true}]}}