{"id":49427,"date":"2022-05-14T17:45:17","date_gmt":"2022-05-14T15:42:23","guid":{"rendered":"https:\/\/kingarms.ee\/product\/specna-arms-edgetm-tracer-bio-precision-bbs-030g-1000-bbs\/"},"modified":"2024-08-08T18:58:10","modified_gmt":"2024-08-08T15:58:10","slug":"specna-arms-edgetm-tracer-bio-precision-bbs-0-30g-1000-bbs-2","status":"publish","type":"product","link":"https:\/\/kingarms.ee\/fi\/product\/specna-arms-edgetm-tracer-bio-precision-bbs-0-30g-1000-bbs-2\/","title":{"rendered":"Specna Arms EDGETM Tracer BIO Precision BBs 0,30g &#8211; 1000 BBs"},"content":{"rendered":"","protected":false},"excerpt":{"rendered":"<p>Valmistettujen kopioiden laadusta ja innovatiivisuudesta tunnettu Specna Arms\u00ae -br\u00e4ndi esittelee viel\u00e4 yhden uutuuden: ammattimaisen EDGE\u2122-sarjan tarkkuussuihkeet. Laajasta EDGE\u2122 BB:iden valikoimasta l\u00f6yd\u00e4t korkealaatuiset ammukset ASG-kopioille, jotka ovat valmistaneet todelliset tarkkuus-BB:n asiantuntijat &#8211; taiwanilainen BLS.<br \/>\nEDGE\u2122 BB:iden halkaisija on 5,95 mm (+\/- 0,005 mm) ja painoero BB:iden v\u00e4lill\u00e4 ei ylit\u00e4 0,01 g. T\u00e4m\u00e4n seurauksena Specna Arms\u00ae EDGE\u2122 BB:t ovat ihanteellisia tavallisiin tynnyreihin, vaikka ne saavuttavat t\u00e4yden potentiaalinsa tarkkuustynnyreiss\u00e4.<\/p>\n","protected":false},"featured_media":49297,"template":"","meta":{"_acf_changed":false},"product_brand":[],"product_cat":[240],"product_tag":[],"class_list":{"0":"post-49427","1":"product","2":"type-product","3":"status-publish","4":"has-post-thumbnail","6":"product_cat-airsoft-fi","8":"first","9":"onbackorder","10":"product-type-simple"},"acf":[],"_links":{"self":[{"href":"https:\/\/kingarms.ee\/fi\/wp-json\/wp\/v2\/product\/49427","targetHints":{"allow":["GET"]}}],"collection":[{"href":"https:\/\/kingarms.ee\/fi\/wp-json\/wp\/v2\/product"}],"about":[{"href":"https:\/\/kingarms.ee\/fi\/wp-json\/wp\/v2\/types\/product"}],"wp:featuredmedia":[{"embeddable":true,"href":"https:\/\/kingarms.ee\/fi\/wp-json\/wp\/v2\/media\/49297"}],"wp:attachment":[{"href":"https:\/\/kingarms.ee\/fi\/wp-json\/wp\/v2\/media?parent=49427"}],"wp:term":[{"taxonomy":"product_brand","embeddable":true,"href":"https:\/\/kingarms.ee\/fi\/wp-json\/wp\/v2\/product_brand?post=49427"},{"taxonomy":"product_cat","embeddable":true,"href":"https:\/\/kingarms.ee\/fi\/wp-json\/wp\/v2\/product_cat?post=49427"},{"taxonomy":"product_tag","embeddable":true,"href":"https:\/\/kingarms.ee\/fi\/wp-json\/wp\/v2\/product_tag?post=49427"}],"curies":[{"name":"wp","href":"https:\/\/api.w.org\/{rel}","templated":true}]}}