{"id":49448,"date":"2022-05-14T17:45:17","date_gmt":"2022-05-14T15:42:28","guid":{"rendered":"https:\/\/kingarms.ee\/product\/kiikarit-prooptic-8x21\/"},"modified":"2024-08-08T19:00:59","modified_gmt":"2024-08-08T16:00:59","slug":"kiikarit-prooptic-8x21","status":"publish","type":"product","link":"https:\/\/kingarms.ee\/fi\/product\/kiikarit-prooptic-8x21\/","title":{"rendered":"Kiikarit PROOPTIC 8&#215;21"},"content":{"rendered":"","protected":false},"excerpt":{"rendered":"<p>Kompakti, eritt\u00e4in kevyt kiikari (700 g), jonka objektiivin halkaisija on 21 mm ja 8x s\u00e4\u00e4dett\u00e4v\u00e4 suurennus. Laitteessa yhdistyy korkea valmistusstandardi ja eritt\u00e4in hyv\u00e4t optiset ominaisuudet. Esitetyn mallin linssit on p\u00e4\u00e4llystetty magnesiumfluoridipinnoitteilla. Ne tarjoavat korkeamman valonl\u00e4p\u00e4isykertoimen ja luonnollisen v\u00e4rintoiston. Ne my\u00f6s poistavat heijastuksia. Kiikareissa on mukava, tukeva kotelo, joka on lis\u00e4ksi suojattu kumikerroksella.<\/p>\n","protected":false},"featured_media":49293,"template":"","meta":{"_acf_changed":false},"product_brand":[],"product_cat":[750],"product_tag":[],"class_list":{"0":"post-49448","1":"product","2":"type-product","3":"status-publish","4":"has-post-thumbnail","6":"product_cat-kiikarit","8":"first","9":"instock","10":"purchasable","11":"product-type-simple"},"acf":[],"_links":{"self":[{"href":"https:\/\/kingarms.ee\/fi\/wp-json\/wp\/v2\/product\/49448","targetHints":{"allow":["GET"]}}],"collection":[{"href":"https:\/\/kingarms.ee\/fi\/wp-json\/wp\/v2\/product"}],"about":[{"href":"https:\/\/kingarms.ee\/fi\/wp-json\/wp\/v2\/types\/product"}],"wp:featuredmedia":[{"embeddable":true,"href":"https:\/\/kingarms.ee\/fi\/wp-json\/wp\/v2\/media\/49293"}],"wp:attachment":[{"href":"https:\/\/kingarms.ee\/fi\/wp-json\/wp\/v2\/media?parent=49448"}],"wp:term":[{"taxonomy":"product_brand","embeddable":true,"href":"https:\/\/kingarms.ee\/fi\/wp-json\/wp\/v2\/product_brand?post=49448"},{"taxonomy":"product_cat","embeddable":true,"href":"https:\/\/kingarms.ee\/fi\/wp-json\/wp\/v2\/product_cat?post=49448"},{"taxonomy":"product_tag","embeddable":true,"href":"https:\/\/kingarms.ee\/fi\/wp-json\/wp\/v2\/product_tag?post=49448"}],"curies":[{"name":"wp","href":"https:\/\/api.w.org\/{rel}","templated":true}]}}