{"id":49455,"date":"2022-05-14T17:45:31","date_gmt":"2022-05-14T15:42:30","guid":{"rendered":"https:\/\/kingarms.ee\/product\/6-kpl-src-rewolver-kuoret\/"},"modified":"2024-08-08T18:45:29","modified_gmt":"2024-08-08T15:45:29","slug":"6-src-rewolver-shell-setti","status":"publish","type":"product","link":"https:\/\/kingarms.ee\/fi\/product\/6-src-rewolver-shell-setti\/","title":{"rendered":"6 kpl SRC rewolver -kuoret"},"content":{"rendered":"","protected":false},"excerpt":{"rendered":"<p>6 vaihtokuoren sarja SRC-revolvereille. Valmistettu metallista ja kumista.<\/p>\n<p>Tekniset tiedot<br \/>\nMateriaali: metalli ja kumi<br \/>\nKaliiperi: 6 mm ASG<br \/>\nM\u00e4\u00e4r\u00e4: 6 kpl.<br \/>\nPaino: 60 g<br \/>\nValmistaja: SRC<\/p>\n","protected":false},"featured_media":49073,"template":"","meta":{"_acf_changed":false},"product_brand":[],"product_cat":[247],"product_tag":[],"class_list":{"0":"post-49455","1":"product","2":"type-product","3":"status-publish","4":"has-post-thumbnail","6":"product_cat-tarjottimet-ja-taskut","8":"first","9":"instock","10":"purchasable","11":"product-type-simple"},"acf":[],"_links":{"self":[{"href":"https:\/\/kingarms.ee\/fi\/wp-json\/wp\/v2\/product\/49455","targetHints":{"allow":["GET"]}}],"collection":[{"href":"https:\/\/kingarms.ee\/fi\/wp-json\/wp\/v2\/product"}],"about":[{"href":"https:\/\/kingarms.ee\/fi\/wp-json\/wp\/v2\/types\/product"}],"wp:featuredmedia":[{"embeddable":true,"href":"https:\/\/kingarms.ee\/fi\/wp-json\/wp\/v2\/media\/49073"}],"wp:attachment":[{"href":"https:\/\/kingarms.ee\/fi\/wp-json\/wp\/v2\/media?parent=49455"}],"wp:term":[{"taxonomy":"product_brand","embeddable":true,"href":"https:\/\/kingarms.ee\/fi\/wp-json\/wp\/v2\/product_brand?post=49455"},{"taxonomy":"product_cat","embeddable":true,"href":"https:\/\/kingarms.ee\/fi\/wp-json\/wp\/v2\/product_cat?post=49455"},{"taxonomy":"product_tag","embeddable":true,"href":"https:\/\/kingarms.ee\/fi\/wp-json\/wp\/v2\/product_tag?post=49455"}],"curies":[{"name":"wp","href":"https:\/\/api.w.org\/{rel}","templated":true}]}}