{"id":49469,"date":"2022-05-14T17:45:31","date_gmt":"2022-05-14T15:42:33","guid":{"rendered":"https:\/\/kingarms.ee\/product\/covert-tactical-pro-40x150mm-aanenvaimennin\/"},"modified":"2024-08-08T18:48:18","modified_gmt":"2024-08-08T15:48:18","slug":"salattu-taktinen-ammattilainen-40x150mm-aanenvaimennin","status":"publish","type":"product","link":"https:\/\/kingarms.ee\/fi\/product\/salattu-taktinen-ammattilainen-40x150mm-aanenvaimennin\/","title":{"rendered":"Covert Tactical PRO 40x150mm \u00e4\u00e4nenvaimennin"},"content":{"rendered":"","protected":false},"excerpt":{"rendered":"<p>\u00c4\u00e4nenvaimennin on valmistettu PA6-alumiinista CNC-ty\u00f6kaluilla, se p\u00e4\u00e4tet\u00e4\u00e4n 14mm kierteell\u00e4 molemmilta puolilta, sek\u00e4 vasta- ett\u00e4 my\u00f6t\u00e4p\u00e4iv\u00e4\u00e4n. Se on varustettu \u00e4\u00e4nenvaimennuskammioilla, jotka on valmistettu muovista ja jousista, jotka tarjoavat eritt\u00e4in hyv\u00e4t \u00e4\u00e4nenvaimennusominaisuudet.<br \/>\nSe on jauhemaalattu mustaksi, mik\u00e4 varmistaa \u00e4\u00e4nenvaimentimen ainutlaatuisen rakenteen ja pinnan eritt\u00e4in hyv\u00e4n kest\u00e4vyyden.<\/p>\n","protected":false},"featured_media":49017,"template":"","meta":{"_acf_changed":false},"product_brand":[],"product_cat":[272],"product_tag":[],"class_list":{"0":"post-49469","1":"product","2":"type-product","3":"status-publish","4":"has-post-thumbnail","6":"product_cat-aanenvaimentimet","8":"first","9":"onbackorder","10":"product-type-simple"},"acf":[],"_links":{"self":[{"href":"https:\/\/kingarms.ee\/fi\/wp-json\/wp\/v2\/product\/49469","targetHints":{"allow":["GET"]}}],"collection":[{"href":"https:\/\/kingarms.ee\/fi\/wp-json\/wp\/v2\/product"}],"about":[{"href":"https:\/\/kingarms.ee\/fi\/wp-json\/wp\/v2\/types\/product"}],"wp:featuredmedia":[{"embeddable":true,"href":"https:\/\/kingarms.ee\/fi\/wp-json\/wp\/v2\/media\/49017"}],"wp:attachment":[{"href":"https:\/\/kingarms.ee\/fi\/wp-json\/wp\/v2\/media?parent=49469"}],"wp:term":[{"taxonomy":"product_brand","embeddable":true,"href":"https:\/\/kingarms.ee\/fi\/wp-json\/wp\/v2\/product_brand?post=49469"},{"taxonomy":"product_cat","embeddable":true,"href":"https:\/\/kingarms.ee\/fi\/wp-json\/wp\/v2\/product_cat?post=49469"},{"taxonomy":"product_tag","embeddable":true,"href":"https:\/\/kingarms.ee\/fi\/wp-json\/wp\/v2\/product_tag?post=49469"}],"curies":[{"name":"wp","href":"https:\/\/api.w.org\/{rel}","templated":true}]}}