{"id":49498,"date":"2022-05-14T17:45:45","date_gmt":"2022-05-14T15:42:40","guid":{"rendered":"https:\/\/kingarms.ee\/product\/us-air-force-tracer-tyyppinen-aanenvaimennin\/"},"modified":"2024-08-08T18:36:41","modified_gmt":"2024-08-08T15:36:41","slug":"us-air-force-tracer-type-aanenvaimennin","status":"publish","type":"product","link":"https:\/\/kingarms.ee\/fi\/product\/us-air-force-tracer-type-aanenvaimennin\/","title":{"rendered":"US Air Force Tracer -tyyppinen \u00e4\u00e4nenvaimennin"},"content":{"rendered":"","protected":false},"excerpt":{"rendered":"<p>Vaimentin, jossa on pellettej\u00e4 valaiseva merkkiyksikk\u00f6, pituus 190 mm ja halkaisija 35 mm. Tracer-tyyppisi\u00e4 fluoresoivia pellettej\u00e4 tarvitaan, jotta vaimennin toimii tehokkaasti.<br \/>\nVaimentimessa on vastap\u00e4iv\u00e4\u00e4n 14 mm kierre.<\/p>\n","protected":false},"featured_media":48877,"template":"","meta":{"_acf_changed":false},"product_brand":[],"product_cat":[272],"product_tag":[],"class_list":{"0":"post-49498","1":"product","2":"type-product","3":"status-publish","4":"has-post-thumbnail","6":"product_cat-aanenvaimentimet","8":"first","9":"instock","10":"sale","11":"purchasable","12":"product-type-simple"},"acf":[],"_links":{"self":[{"href":"https:\/\/kingarms.ee\/fi\/wp-json\/wp\/v2\/product\/49498","targetHints":{"allow":["GET"]}}],"collection":[{"href":"https:\/\/kingarms.ee\/fi\/wp-json\/wp\/v2\/product"}],"about":[{"href":"https:\/\/kingarms.ee\/fi\/wp-json\/wp\/v2\/types\/product"}],"wp:featuredmedia":[{"embeddable":true,"href":"https:\/\/kingarms.ee\/fi\/wp-json\/wp\/v2\/media\/48877"}],"wp:attachment":[{"href":"https:\/\/kingarms.ee\/fi\/wp-json\/wp\/v2\/media?parent=49498"}],"wp:term":[{"taxonomy":"product_brand","embeddable":true,"href":"https:\/\/kingarms.ee\/fi\/wp-json\/wp\/v2\/product_brand?post=49498"},{"taxonomy":"product_cat","embeddable":true,"href":"https:\/\/kingarms.ee\/fi\/wp-json\/wp\/v2\/product_cat?post=49498"},{"taxonomy":"product_tag","embeddable":true,"href":"https:\/\/kingarms.ee\/fi\/wp-json\/wp\/v2\/product_tag?post=49498"}],"curies":[{"name":"wp","href":"https:\/\/api.w.org\/{rel}","templated":true}]}}