{"id":49516,"date":"2022-05-14T17:45:45","date_gmt":"2022-05-14T15:42:45","guid":{"rendered":"https:\/\/kingarms.ee\/product\/vltr-tracer-aanenvaimennin\/"},"modified":"2024-08-08T18:39:32","modified_gmt":"2024-08-08T15:39:32","slug":"vltr-tracer-aanenvaimennin","status":"publish","type":"product","link":"https:\/\/kingarms.ee\/fi\/product\/vltr-tracer-aanenvaimennin\/","title":{"rendered":"VLTR tracer \u00e4\u00e4nenvaimennin"},"content":{"rendered":"","protected":false},"excerpt":{"rendered":"<p>Tracer-tyyppinen \u00e4\u00e4nenvaimennin, joka on valmistettu kest\u00e4v\u00e4st\u00e4 alumiinista ja tarkoitettu kopioille, joissa on 14 mm CCW-kierteet. \u00c4\u00e4nenvaimennin valaisee erityisi\u00e4 merkkivaloja, jotka hehkuvat pime\u00e4ss\u00e4. Se on erinomainen ratkaisu CQB-pelaajille pimeiss\u00e4, ahtaissa kulmissa ja kaikille, jotka haluavat pelata y\u00f6ll\u00e4. Toimiakseen oikein \u00e4\u00e4nenvaimennin vaatii 6 mm Tracer BB:t.<br \/>\n\u00c4\u00e4nenvaimennin toimii kolmella AAA-paristolla. \u00c4\u00e4nenvaimentimen virtakytkin sijaitsee kierteen l\u00e4hell\u00e4.<\/p>\n","protected":false},"featured_media":48849,"template":"","meta":{"_acf_changed":false},"product_brand":[],"product_cat":[272],"product_tag":[],"class_list":{"0":"post-49516","1":"product","2":"type-product","3":"status-publish","4":"has-post-thumbnail","6":"product_cat-aanenvaimentimet","8":"first","9":"instock","10":"sale","11":"purchasable","12":"product-type-simple"},"acf":[],"_links":{"self":[{"href":"https:\/\/kingarms.ee\/fi\/wp-json\/wp\/v2\/product\/49516","targetHints":{"allow":["GET"]}}],"collection":[{"href":"https:\/\/kingarms.ee\/fi\/wp-json\/wp\/v2\/product"}],"about":[{"href":"https:\/\/kingarms.ee\/fi\/wp-json\/wp\/v2\/types\/product"}],"wp:featuredmedia":[{"embeddable":true,"href":"https:\/\/kingarms.ee\/fi\/wp-json\/wp\/v2\/media\/48849"}],"wp:attachment":[{"href":"https:\/\/kingarms.ee\/fi\/wp-json\/wp\/v2\/media?parent=49516"}],"wp:term":[{"taxonomy":"product_brand","embeddable":true,"href":"https:\/\/kingarms.ee\/fi\/wp-json\/wp\/v2\/product_brand?post=49516"},{"taxonomy":"product_cat","embeddable":true,"href":"https:\/\/kingarms.ee\/fi\/wp-json\/wp\/v2\/product_cat?post=49516"},{"taxonomy":"product_tag","embeddable":true,"href":"https:\/\/kingarms.ee\/fi\/wp-json\/wp\/v2\/product_tag?post=49516"}],"curies":[{"name":"wp","href":"https:\/\/api.w.org\/{rel}","templated":true}]}}