{"id":49520,"date":"2022-05-14T17:45:45","date_gmt":"2022-05-14T15:44:22","guid":{"rendered":"https:\/\/kingarms.ee\/product\/flash-piilotus-poistu-kaasurikastaja-nov-mini\/"},"modified":"2024-08-08T18:40:16","modified_gmt":"2024-08-08T15:40:16","slug":"flash-hider-exit-gas-concentrator-nov-mini-3","status":"publish","type":"product","link":"https:\/\/kingarms.ee\/fi\/product\/flash-hider-exit-gas-concentrator-nov-mini-3\/","title":{"rendered":"Flash piilotus \/ poistu kaasurikastaja &#8220;Nov Mini&#8221;"},"content":{"rendered":"","protected":false},"excerpt":{"rendered":"<p>T\u00e4m\u00e4 on kopio tynnyrin savukaasurikastimesta, laite, joka on suunniteltu erikoisjoukkoja varten k\u00e4ytett\u00e4v\u00e4ksi nimenomaisesti CQB-skenaarioissa. Tavalliset \u00e4\u00e4nenvaimentimet ja suujarrut hajottavat savukaasuja sivuille kompensoimaan kiv\u00e4\u00e4rin rekyyli\u00e4. T\u00e4ss\u00e4 tapauksessa kaasut johdetaan laukauksen suuntaan eik\u00e4 sivuille. Se on tehty tarkoituksella est\u00e4m\u00e4\u00e4n muiden l\u00e4hell\u00e4 olevien toimijoiden palovammat \/ aivot\u00e4r\u00e4hdykset.<\/p>\n","protected":false},"featured_media":48841,"template":"","meta":{"_acf_changed":false},"product_brand":[],"product_cat":[272],"product_tag":[],"class_list":{"0":"post-49520","1":"product","2":"type-product","3":"status-publish","4":"has-post-thumbnail","6":"product_cat-aanenvaimentimet","8":"first","9":"instock","10":"purchasable","11":"product-type-simple"},"acf":[],"_links":{"self":[{"href":"https:\/\/kingarms.ee\/fi\/wp-json\/wp\/v2\/product\/49520","targetHints":{"allow":["GET"]}}],"collection":[{"href":"https:\/\/kingarms.ee\/fi\/wp-json\/wp\/v2\/product"}],"about":[{"href":"https:\/\/kingarms.ee\/fi\/wp-json\/wp\/v2\/types\/product"}],"wp:featuredmedia":[{"embeddable":true,"href":"https:\/\/kingarms.ee\/fi\/wp-json\/wp\/v2\/media\/48841"}],"wp:attachment":[{"href":"https:\/\/kingarms.ee\/fi\/wp-json\/wp\/v2\/media?parent=49520"}],"wp:term":[{"taxonomy":"product_brand","embeddable":true,"href":"https:\/\/kingarms.ee\/fi\/wp-json\/wp\/v2\/product_brand?post=49520"},{"taxonomy":"product_cat","embeddable":true,"href":"https:\/\/kingarms.ee\/fi\/wp-json\/wp\/v2\/product_cat?post=49520"},{"taxonomy":"product_tag","embeddable":true,"href":"https:\/\/kingarms.ee\/fi\/wp-json\/wp\/v2\/product_tag?post=49520"}],"curies":[{"name":"wp","href":"https:\/\/api.w.org\/{rel}","templated":true}]}}