{"id":50067,"date":"2022-05-15T23:46:00","date_gmt":"2022-05-15T20:59:54","guid":{"rendered":"https:\/\/kingarms.ee\/product\/specna-arms-bluetooth-kronografi\/"},"modified":"2024-08-08T18:35:15","modified_gmt":"2024-08-08T15:35:15","slug":"specna-arms-bluetooth-kronografi","status":"publish","type":"product","link":"https:\/\/kingarms.ee\/fi\/product\/specna-arms-bluetooth-kronografi\/","title":{"rendered":"Specna Arms Bluetooth kronografi"},"content":{"rendered":"","protected":false},"excerpt":{"rendered":"<p>Specna Arms Bluetooth kronografi<br \/>\nMobiili Specna Arms Bluetooth -kronografi mahdollistaa tarkan BB-kuonon nopeuden mittauksen. Kotelo oli valmistettu vahvasta polymeerist\u00e4. Kevyt paino ja kompakti koko mahdollistavat laitteen kuljettamisen kent\u00e4ll\u00e4 &#8211; esimerkiksi replikan, CQB-areenan tai airsoft-pelin testaamiseen mets\u00e4ss\u00e4. Kronografissa on tavallinen valokuvauskierre 1\/4 tuuman kierre, jonka ansiosta se voidaan asentaa sarjaan kuuluvaan s\u00e4\u00e4dett\u00e4v\u00e4\u00e4n bipodiin.<br \/>\nSpecna Arms Bluetooth -kronografissa on integroitu, selke\u00e4 LCD-n\u00e4ytt\u00f6, joka saa virtansa integroidusta 400 mAh:n akusta, joka ladataan sarjaan kuuluvalla Micro USB -kaapelilla.<br \/>\nSpecna Arms -kronografi on varustettu Bluetooth 2.0 -moduulilla, joka mahdollistaa laitteen yhdist\u00e4misen tarkoitukseen varattuun matkapuhelinsovellukseen. Sovelluksen avulla voit nopeasti ja mukavasti k\u00e4ytt\u00e4\u00e4 kronografin toimintoja puhelimella. Sovelluksen lataamiseen tarvittava QR-koodi l\u00f6ytyy pakkauksesta, ohjekirjasta ja laitteen kotelosta. Sovellus tukee Android 4.3 -versiota ja uudempaa tai iOS 8.0:aa tai uudempaa.<br \/>\nTEKNISET TIEDOT:<br \/>\n&#8211; BB:n kuononopeuden, tulinopeuden ja ammuksen energian tarkka mittaus &#8211; Bluetooth 2.0 -yhteys erillisen puhelinsovelluksen kanssa &#8211; LCD-n\u00e4ytt\u00f6 &#8211; sarjaan kuuluva bipod &#8211; polymeerikotelo &#8211; integroitu 400 mAh akku &#8211; voidaan k\u00e4ytt\u00e4\u00e4 -10 l\u00e4mp\u00f6tiloissa \u00b0C &#8211; 42 \u00b0C &#8211; s\u00e4\u00e4dett\u00e4v\u00e4 automaattinen sammutusaika<br \/>\nMittausalue:<br \/>\n&#8211; Ammusenergia: 0 &#8211; 999 J &#8211; Kantama 1 metrille: 0 &#8211; 800 m &#8211; BB-paino: 0,01 &#8211; 20 g &#8211; BB:n halkaisija: 0,01 &#8211; 20 mm<\/p>\n","protected":false},"featured_media":49890,"template":"","meta":{"_acf_changed":false},"product_brand":[],"product_cat":[458],"product_tag":[],"class_list":{"0":"post-50067","1":"product","2":"type-product","3":"status-publish","4":"has-post-thumbnail","6":"product_cat-kronografit","8":"first","9":"onbackorder","10":"product-type-simple"},"acf":[],"_links":{"self":[{"href":"https:\/\/kingarms.ee\/fi\/wp-json\/wp\/v2\/product\/50067","targetHints":{"allow":["GET"]}}],"collection":[{"href":"https:\/\/kingarms.ee\/fi\/wp-json\/wp\/v2\/product"}],"about":[{"href":"https:\/\/kingarms.ee\/fi\/wp-json\/wp\/v2\/types\/product"}],"wp:featuredmedia":[{"embeddable":true,"href":"https:\/\/kingarms.ee\/fi\/wp-json\/wp\/v2\/media\/49890"}],"wp:attachment":[{"href":"https:\/\/kingarms.ee\/fi\/wp-json\/wp\/v2\/media?parent=50067"}],"wp:term":[{"taxonomy":"product_brand","embeddable":true,"href":"https:\/\/kingarms.ee\/fi\/wp-json\/wp\/v2\/product_brand?post=50067"},{"taxonomy":"product_cat","embeddable":true,"href":"https:\/\/kingarms.ee\/fi\/wp-json\/wp\/v2\/product_cat?post=50067"},{"taxonomy":"product_tag","embeddable":true,"href":"https:\/\/kingarms.ee\/fi\/wp-json\/wp\/v2\/product_tag?post=50067"}],"curies":[{"name":"wp","href":"https:\/\/api.w.org\/{rel}","templated":true}]}}