{"id":50077,"date":"2022-05-15T23:46:17","date_gmt":"2022-05-15T20:59:56","guid":{"rendered":"https:\/\/kingarms.ee\/product\/m2-punapistetahtaimen-kopio\/"},"modified":"2024-08-08T18:31:42","modified_gmt":"2024-08-08T15:31:42","slug":"m2-punainen-piste-tahtain-replica","status":"publish","type":"product","link":"https:\/\/kingarms.ee\/fi\/product\/m2-punainen-piste-tahtain-replica\/","title":{"rendered":"M2 punapistet\u00e4ht\u00e4imen kopio"},"content":{"rendered":"","protected":false},"excerpt":{"rendered":"<p>M2-kollimaattorit\u00e4ht\u00e4imen kopiossa on tasainen t\u00e4ht\u00e4yspisteen s\u00e4\u00e4t\u00f6 (kahden nupin avulla). Lis\u00e4ksi ampujalla on mahdollisuus s\u00e4\u00e4t\u00e4\u00e4 t\u00e4ht\u00e4ysmerkin kirkkautta viiden asteen alueella.<\/p>\n<p>Flip-up-tyyppiset suojukset suojaavat laseja kuljetuksen aikana ja mahdollistavat erityisen t\u00e4ht\u00e4ystekniikan k\u00e4yt\u00f6n l\u00e4p\u00e4n ollessa kiinni, mik\u00e4 helpottaa kollimaattorin k\u00e4ytt\u00f6\u00e4 valoisissa huoneissa tai voimakkaassa p\u00e4iv\u00e4nvalossa s\u00e4ilytt\u00e4en samalla lasin selkeyden ja ter\u00e4vyyden. kuva.<\/p>\n<p>Siin\u00e4 on matala kiinnitys, jonka avulla kollimaattori voidaan asentaa mihin tahansa kopioon, joka on varustettu 22 mm:n RIS-kiskolla.<\/p>\n<p>K\u00e4\u00e4nnetty osoitteessa www.DeepL.com\/Translator (ilmainen versio)<\/p>\n","protected":false},"featured_media":49866,"template":"","meta":{"_acf_changed":false},"product_brand":[],"product_cat":[649],"product_tag":[],"class_list":{"0":"post-50077","1":"product","2":"type-product","3":"status-publish","4":"has-post-thumbnail","6":"product_cat-ottelut","8":"first","9":"instock","10":"purchasable","11":"product-type-simple"},"acf":[],"_links":{"self":[{"href":"https:\/\/kingarms.ee\/fi\/wp-json\/wp\/v2\/product\/50077","targetHints":{"allow":["GET"]}}],"collection":[{"href":"https:\/\/kingarms.ee\/fi\/wp-json\/wp\/v2\/product"}],"about":[{"href":"https:\/\/kingarms.ee\/fi\/wp-json\/wp\/v2\/types\/product"}],"wp:featuredmedia":[{"embeddable":true,"href":"https:\/\/kingarms.ee\/fi\/wp-json\/wp\/v2\/media\/49866"}],"wp:attachment":[{"href":"https:\/\/kingarms.ee\/fi\/wp-json\/wp\/v2\/media?parent=50077"}],"wp:term":[{"taxonomy":"product_brand","embeddable":true,"href":"https:\/\/kingarms.ee\/fi\/wp-json\/wp\/v2\/product_brand?post=50077"},{"taxonomy":"product_cat","embeddable":true,"href":"https:\/\/kingarms.ee\/fi\/wp-json\/wp\/v2\/product_cat?post=50077"},{"taxonomy":"product_tag","embeddable":true,"href":"https:\/\/kingarms.ee\/fi\/wp-json\/wp\/v2\/product_tag?post=50077"}],"curies":[{"name":"wp","href":"https:\/\/api.w.org\/{rel}","templated":true}]}}