{"id":50097,"date":"2022-05-15T23:46:29","date_gmt":"2022-05-15T21:00:02","guid":{"rendered":"https:\/\/kingarms.ee\/product\/etu-jarjestelma-vaihteiston-v3-kopioille-langallinen-edessa\/"},"modified":"2024-08-08T18:13:22","modified_gmt":"2024-08-08T15:13:22","slug":"etu-system-for-gearbox-v3-replicas-front-wired","status":"publish","type":"product","link":"https:\/\/kingarms.ee\/fi\/product\/etu-system-for-gearbox-v3-replicas-front-wired\/","title":{"rendered":"ETU-j\u00e4rjestelm\u00e4 vaihteiston V3-kopioille (langallinen edess\u00e4)"},"content":{"rendered":"","protected":false},"excerpt":{"rendered":"<p>ETU-j\u00e4rjestelm\u00e4 vaihteiston V3-kopioille (takana langallinen)<br \/>\nT\u00e4ydellinen ETU &#8211; Electronic Trigger Unit, joka tunnetaan G&amp;G-kopioista, asennettavaksi replikoihin V3-vaihteistolla.<\/p>\n","protected":false},"featured_media":49702,"template":"","meta":{"_acf_changed":false},"product_brand":[],"product_cat":[276],"product_tag":[],"class_list":{"0":"post-50097","1":"product","2":"type-product","3":"status-publish","4":"has-post-thumbnail","6":"product_cat-varaosat","8":"first","9":"instock","10":"purchasable","11":"product-type-simple"},"acf":[],"_links":{"self":[{"href":"https:\/\/kingarms.ee\/fi\/wp-json\/wp\/v2\/product\/50097","targetHints":{"allow":["GET"]}}],"collection":[{"href":"https:\/\/kingarms.ee\/fi\/wp-json\/wp\/v2\/product"}],"about":[{"href":"https:\/\/kingarms.ee\/fi\/wp-json\/wp\/v2\/types\/product"}],"wp:featuredmedia":[{"embeddable":true,"href":"https:\/\/kingarms.ee\/fi\/wp-json\/wp\/v2\/media\/49702"}],"wp:attachment":[{"href":"https:\/\/kingarms.ee\/fi\/wp-json\/wp\/v2\/media?parent=50097"}],"wp:term":[{"taxonomy":"product_brand","embeddable":true,"href":"https:\/\/kingarms.ee\/fi\/wp-json\/wp\/v2\/product_brand?post=50097"},{"taxonomy":"product_cat","embeddable":true,"href":"https:\/\/kingarms.ee\/fi\/wp-json\/wp\/v2\/product_cat?post=50097"},{"taxonomy":"product_tag","embeddable":true,"href":"https:\/\/kingarms.ee\/fi\/wp-json\/wp\/v2\/product_tag?post=50097"}],"curies":[{"name":"wp","href":"https:\/\/api.w.org\/{rel}","templated":true}]}}