{"id":50105,"date":"2022-05-15T23:46:29","date_gmt":"2022-05-15T21:00:05","guid":{"rendered":"https:\/\/kingarms.ee\/product\/3-9x50-eg-scope\/"},"modified":"2024-08-08T18:15:32","modified_gmt":"2024-08-08T15:15:32","slug":"3-9x50-esim","status":"publish","type":"product","link":"https:\/\/kingarms.ee\/fi\/product\/3-9x50-esim\/","title":{"rendered":"3-9&#215;50 EG Scope"},"content":{"rendered":"","protected":false},"excerpt":{"rendered":"<p>Theta Optics\u2122 kiikari on takuu korkeasta laadusta kohtuulliseen hintaan. Suojattu kest\u00e4v\u00e4ss\u00e4 metallikotelossa, kirkkaassa optiikassa et\u00e4isyysmittarilla sek\u00e4 s\u00e4\u00e4dett\u00e4v\u00e4ll\u00e4 suurennuksella. Valaistujen hiusristikkojen (punainen tai vihre\u00e4) ansiosta kiikari on helppo k\u00e4ytt\u00e4\u00e4 niin p\u00e4iv\u00e4ll\u00e4 kuin y\u00f6ll\u00e4kin. Toimii yhdell\u00e4 CR2032-paristolla (ei sis\u00e4lly sarjaan). Hiusristikkoa voidaan s\u00e4\u00e4t\u00e4\u00e4 tasaisesti sek\u00e4 pysty- ett\u00e4 vaakasuunnassa. Tuote voidaan kiinnitt\u00e4\u00e4 tavalliseen RIS \/ Picatinny 22 mm kiskoon mukana tulevalla kiinnikkeell\u00e4.<br \/>\nTheta Optics\u2122:n tarkoituksena ei ole pelk\u00e4st\u00e4\u00e4n korkealaatuisen optiikan toimitus, vaan my\u00f6s jatkuvasti laajentaa sen tarjontaa innovatiivisilla ratkaisuilla, joita tavataan korkeamman luokan tuotteissa. Jokainen malli k\u00e4y l\u00e4pi useita testej\u00e4 ennen kuin se tuodaan markkinoille. Theta Optics\u2122 on ehdotus ihmisille, jotka etsiv\u00e4t korkeaa laatua kohtuulliseen hintaan.<br \/>\nSetti sis\u00e4lt\u00e4\u00e4:<br \/>\n&#8211; t\u00e4ht\u00e4in &#8211; 2 x asennusrengas RIS-kiskoon &#8211; kuusioavain kokoamista varten &#8211; k\u00e4sikirja &#8211; linssinsuojussarja &#8211; puhdistusliina<\/p>\n","protected":false},"featured_media":49718,"template":"","meta":{"_acf_changed":false},"product_brand":[],"product_cat":[649],"product_tag":[],"class_list":{"0":"post-50105","1":"product","2":"type-product","3":"status-publish","4":"has-post-thumbnail","6":"product_cat-ottelut","8":"first","9":"instock","10":"purchasable","11":"product-type-simple"},"acf":[],"_links":{"self":[{"href":"https:\/\/kingarms.ee\/fi\/wp-json\/wp\/v2\/product\/50105","targetHints":{"allow":["GET"]}}],"collection":[{"href":"https:\/\/kingarms.ee\/fi\/wp-json\/wp\/v2\/product"}],"about":[{"href":"https:\/\/kingarms.ee\/fi\/wp-json\/wp\/v2\/types\/product"}],"wp:featuredmedia":[{"embeddable":true,"href":"https:\/\/kingarms.ee\/fi\/wp-json\/wp\/v2\/media\/49718"}],"wp:attachment":[{"href":"https:\/\/kingarms.ee\/fi\/wp-json\/wp\/v2\/media?parent=50105"}],"wp:term":[{"taxonomy":"product_brand","embeddable":true,"href":"https:\/\/kingarms.ee\/fi\/wp-json\/wp\/v2\/product_brand?post=50105"},{"taxonomy":"product_cat","embeddable":true,"href":"https:\/\/kingarms.ee\/fi\/wp-json\/wp\/v2\/product_cat?post=50105"},{"taxonomy":"product_tag","embeddable":true,"href":"https:\/\/kingarms.ee\/fi\/wp-json\/wp\/v2\/product_tag?post=50105"}],"curies":[{"name":"wp","href":"https:\/\/api.w.org\/{rel}","templated":true}]}}