{"id":50111,"date":"2022-05-15T23:46:29","date_gmt":"2022-05-15T21:00:05","guid":{"rendered":"https:\/\/kingarms.ee\/product\/rhino-4x32-scope\/"},"modified":"2024-08-08T18:16:16","modified_gmt":"2024-08-08T15:16:16","slug":"sarvikuono-4x32-scope","status":"publish","type":"product","link":"https:\/\/kingarms.ee\/fi\/product\/sarvikuono-4x32-scope\/","title":{"rendered":"Rhino 4X32 Scope"},"content":{"rendered":"","protected":false},"excerpt":{"rendered":"<p>Theta Optics\u2122 kiikari on takuu korkeasta laadusta ja kohtuullisesta hinnasta. Pakattu kest\u00e4v\u00e4\u00e4n metallikoteloon, eloisaan optiikkaan Mil-Dot-ristikolla sek\u00e4 kiinte\u00e4ll\u00e4 4-kertaisella suurennuksella. Valaistujen hiusristikkojen (punainen, sininen tai vihre\u00e4) ansiosta kiikari on helppok\u00e4ytt\u00f6inen sek\u00e4 p\u00e4iv\u00e4- ett\u00e4 y\u00f6k\u00e4ytt\u00f6\u00f6n. Toimii yhdell\u00e4 CR1620-paristolla. Hiusristikkoa voidaan s\u00e4\u00e4t\u00e4\u00e4 tasaisesti sek\u00e4 pysty- ett\u00e4 vaakasuunnassa. Tuote kiinnitet\u00e4\u00e4n tavalliseen RIS 22 mm kiskoon.<br \/>\nKiikari on varustettu lyhyill\u00e4 RIS-kiskoilla (yhteens\u00e4 3) lis\u00e4tarvikkeiden kiinnityst\u00e4 varten.<br \/>\nTheta Optics\u2122:n tarkoituksena ei ole pelk\u00e4st\u00e4\u00e4n korkealaatuisen optiikan toimitus, vaan my\u00f6s jatkuvasti laajentaa sen tarjontaa innovatiivisilla ratkaisuilla, joita tavataan korkeamman luokan tuotteissa. Jokainen malli k\u00e4y l\u00e4pi useita testej\u00e4 ennen kuin se tuodaan markkinoille. Theta Optics\u2122 on ehdotus ihmisille, jotka etsiv\u00e4t korkeaa laatua kohtuulliseen hintaan.<br \/>\nSetti sis\u00e4lt\u00e4\u00e4:<br \/>\n&#8211; sopivuus &#8211; K\u00e4ytt\u00f6opas &#8211; akku &#8211; puhdistusliina<\/p>\n","protected":false},"featured_media":49730,"template":"","meta":{"_acf_changed":false},"product_brand":[],"product_cat":[649],"product_tag":[],"class_list":{"0":"post-50111","1":"product","2":"type-product","3":"status-publish","4":"has-post-thumbnail","6":"product_cat-ottelut","8":"first","9":"onbackorder","10":"product-type-simple"},"acf":[],"_links":{"self":[{"href":"https:\/\/kingarms.ee\/fi\/wp-json\/wp\/v2\/product\/50111","targetHints":{"allow":["GET"]}}],"collection":[{"href":"https:\/\/kingarms.ee\/fi\/wp-json\/wp\/v2\/product"}],"about":[{"href":"https:\/\/kingarms.ee\/fi\/wp-json\/wp\/v2\/types\/product"}],"wp:featuredmedia":[{"embeddable":true,"href":"https:\/\/kingarms.ee\/fi\/wp-json\/wp\/v2\/media\/49730"}],"wp:attachment":[{"href":"https:\/\/kingarms.ee\/fi\/wp-json\/wp\/v2\/media?parent=50111"}],"wp:term":[{"taxonomy":"product_brand","embeddable":true,"href":"https:\/\/kingarms.ee\/fi\/wp-json\/wp\/v2\/product_brand?post=50111"},{"taxonomy":"product_cat","embeddable":true,"href":"https:\/\/kingarms.ee\/fi\/wp-json\/wp\/v2\/product_cat?post=50111"},{"taxonomy":"product_tag","embeddable":true,"href":"https:\/\/kingarms.ee\/fi\/wp-json\/wp\/v2\/product_tag?post=50111"}],"curies":[{"name":"wp","href":"https:\/\/api.w.org\/{rel}","templated":true}]}}