{"id":50114,"date":"2022-05-15T23:46:29","date_gmt":"2022-05-15T21:00:06","guid":{"rendered":"https:\/\/kingarms.ee\/product\/etu-2-0-jarjestelma-gb-v2lle-langallinen-takaosa\/"},"modified":"2024-08-08T18:17:50","modified_gmt":"2024-08-08T15:17:50","slug":"etu-2-0-system-for-gb-v2-rear-wired-2","status":"publish","type":"product","link":"https:\/\/kingarms.ee\/fi\/product\/etu-2-0-system-for-gb-v2-rear-wired-2\/","title":{"rendered":"ETU 2.0 -j\u00e4rjestelm\u00e4 GB V2:lle (langallinen takaosa)"},"content":{"rendered":"","protected":false},"excerpt":{"rendered":"<p>ETU 2.0 -j\u00e4rjestelm\u00e4 vaihteiston V2-kopioille (takana langallinen)<br \/>\nT\u00e4ydellinen ETU 2.0 &#8211; Electronic Trigger Unit, joka tunnetaan G&amp;G-kopioista, asennettavaksi replikoihin, joissa on V2-vaihteisto.<\/p>\n","protected":false},"featured_media":49698,"template":"","meta":{"_acf_changed":false},"product_brand":[],"product_cat":[276],"product_tag":[],"class_list":{"0":"post-50114","1":"product","2":"type-product","3":"status-publish","4":"has-post-thumbnail","6":"product_cat-varaosat","8":"first","9":"instock","10":"purchasable","11":"product-type-simple"},"acf":[],"_links":{"self":[{"href":"https:\/\/kingarms.ee\/fi\/wp-json\/wp\/v2\/product\/50114","targetHints":{"allow":["GET"]}}],"collection":[{"href":"https:\/\/kingarms.ee\/fi\/wp-json\/wp\/v2\/product"}],"about":[{"href":"https:\/\/kingarms.ee\/fi\/wp-json\/wp\/v2\/types\/product"}],"wp:featuredmedia":[{"embeddable":true,"href":"https:\/\/kingarms.ee\/fi\/wp-json\/wp\/v2\/media\/49698"}],"wp:attachment":[{"href":"https:\/\/kingarms.ee\/fi\/wp-json\/wp\/v2\/media?parent=50114"}],"wp:term":[{"taxonomy":"product_brand","embeddable":true,"href":"https:\/\/kingarms.ee\/fi\/wp-json\/wp\/v2\/product_brand?post=50114"},{"taxonomy":"product_cat","embeddable":true,"href":"https:\/\/kingarms.ee\/fi\/wp-json\/wp\/v2\/product_cat?post=50114"},{"taxonomy":"product_tag","embeddable":true,"href":"https:\/\/kingarms.ee\/fi\/wp-json\/wp\/v2\/product_tag?post=50114"}],"curies":[{"name":"wp","href":"https:\/\/api.w.org\/{rel}","templated":true}]}}