{"id":50124,"date":"2022-05-15T23:46:29","date_gmt":"2022-05-15T21:00:09","guid":{"rendered":"https:\/\/kingarms.ee\/product\/gate-nanohard-mosfet-yksikko\/"},"modified":"2024-08-08T18:20:45","modified_gmt":"2024-08-08T15:20:45","slug":"portti-nanohard-mosfet-yksikko","status":"publish","type":"product","link":"https:\/\/kingarms.ee\/fi\/product\/portti-nanohard-mosfet-yksikko\/","title":{"rendered":"Gate NanoHARD Mosfet-yksikk\u00f6"},"content":{"rendered":"","protected":false},"excerpt":{"rendered":"<p>NanoHARD on uusin 3. sukupolven yksikk\u00f6. Edistyksellisimpien transistorien ja mikroprosessorin avulla pystyimme rakentamaan markkinoiden pienimm\u00e4n ja luotettavimman MOSFET-yksik\u00f6n Erikoispinnoitteen ansiosta se kest\u00e4\u00e4 huonoja s\u00e4\u00e4olosuhteita.<br \/>\nSe on t\u00e4ysin ohjelmoitava laite.<\/p>\n","protected":false},"featured_media":49686,"template":"","meta":{"_acf_changed":false},"product_brand":[],"product_cat":[820,276],"product_tag":[],"class_list":{"0":"post-50124","1":"product","2":"type-product","3":"status-publish","4":"has-post-thumbnail","6":"product_cat-gate-fi","7":"product_cat-varaosat","9":"first","10":"instock","11":"purchasable","12":"product-type-simple"},"acf":[],"_links":{"self":[{"href":"https:\/\/kingarms.ee\/fi\/wp-json\/wp\/v2\/product\/50124","targetHints":{"allow":["GET"]}}],"collection":[{"href":"https:\/\/kingarms.ee\/fi\/wp-json\/wp\/v2\/product"}],"about":[{"href":"https:\/\/kingarms.ee\/fi\/wp-json\/wp\/v2\/types\/product"}],"wp:featuredmedia":[{"embeddable":true,"href":"https:\/\/kingarms.ee\/fi\/wp-json\/wp\/v2\/media\/49686"}],"wp:attachment":[{"href":"https:\/\/kingarms.ee\/fi\/wp-json\/wp\/v2\/media?parent=50124"}],"wp:term":[{"taxonomy":"product_brand","embeddable":true,"href":"https:\/\/kingarms.ee\/fi\/wp-json\/wp\/v2\/product_brand?post=50124"},{"taxonomy":"product_cat","embeddable":true,"href":"https:\/\/kingarms.ee\/fi\/wp-json\/wp\/v2\/product_cat?post=50124"},{"taxonomy":"product_tag","embeddable":true,"href":"https:\/\/kingarms.ee\/fi\/wp-json\/wp\/v2\/product_tag?post=50124"}],"curies":[{"name":"wp","href":"https:\/\/api.w.org\/{rel}","templated":true}]}}