{"id":50146,"date":"2022-05-15T23:46:29","date_gmt":"2022-05-15T21:00:16","guid":{"rendered":"https:\/\/kingarms.ee\/product\/fast-magazine-holster-set-556-lehdelle-rusketus\/"},"modified":"2024-08-08T18:22:53","modified_gmt":"2024-08-08T15:22:53","slug":"nopea-lehti-kotelo-setti-556-lehdelle-rusketukselle","status":"publish","type":"product","link":"https:\/\/kingarms.ee\/fi\/product\/nopea-lehti-kotelo-setti-556-lehdelle-rusketukselle\/","title":{"rendered":"FAST Magazine Holster Set 5,56 lehdelle &#8211; rusketus"},"content":{"rendered":"","protected":false},"excerpt":{"rendered":"<p>FAST-tyyppiset pussit on valmistettu vahvasta polymeerimateriaalista. Suunniteltu 5.56-tyyppisille makasille, kuten M4\/M16 ja johdannaisille (STANAG). Niiss\u00e4 ei ole l\u00e4ppi\u00e4, mik\u00e4 mahdollistaa makasiinin nopean noudon ja samalla pit\u00e4v\u00e4t sit\u00e4 tukevasti paikoillaan, eiv\u00e4tk\u00e4 anna sen vahingossa pudota ulos edes &#8221;yl\u00f6salaisin&#8221; asennettuna. T\u00e4m\u00e4n takaa kuormaimen rakenne &#8211; se koostuu kahdesta puolikkaasta, jotka on puristettu tiukasti yhteen silikonikumeilla.<\/p>\n<p>Setti sis\u00e4lt\u00e4\u00e4 kaksi yksitt\u00e4ist\u00e4 taskua. Ne on mahdollista liitt\u00e4\u00e4 yhteen tai kuljettaa erikseen. Ne soveltuvat asennettavaksi kaikkiin laitteisiin, joissa on MOLLE-moduulij\u00e4rjestelm\u00e4n halvaus.<\/p>\n<p>K\u00e4\u00e4nnetty osoitteessa www.DeepL.com\/Translator (ilmainen versio)<\/p>\n","protected":false},"featured_media":49590,"template":"","meta":{"_acf_changed":false},"product_brand":[],"product_cat":[899,264],"product_tag":[],"class_list":{"0":"post-50146","1":"product","2":"type-product","3":"status-publish","4":"has-post-thumbnail","6":"product_cat-sailytystaskut","7":"product_cat-taskut-laukut-vyot","9":"first","10":"onbackorder","11":"product-type-simple"},"acf":[],"_links":{"self":[{"href":"https:\/\/kingarms.ee\/fi\/wp-json\/wp\/v2\/product\/50146","targetHints":{"allow":["GET"]}}],"collection":[{"href":"https:\/\/kingarms.ee\/fi\/wp-json\/wp\/v2\/product"}],"about":[{"href":"https:\/\/kingarms.ee\/fi\/wp-json\/wp\/v2\/types\/product"}],"wp:featuredmedia":[{"embeddable":true,"href":"https:\/\/kingarms.ee\/fi\/wp-json\/wp\/v2\/media\/49590"}],"wp:attachment":[{"href":"https:\/\/kingarms.ee\/fi\/wp-json\/wp\/v2\/media?parent=50146"}],"wp:term":[{"taxonomy":"product_brand","embeddable":true,"href":"https:\/\/kingarms.ee\/fi\/wp-json\/wp\/v2\/product_brand?post=50146"},{"taxonomy":"product_cat","embeddable":true,"href":"https:\/\/kingarms.ee\/fi\/wp-json\/wp\/v2\/product_cat?post=50146"},{"taxonomy":"product_tag","embeddable":true,"href":"https:\/\/kingarms.ee\/fi\/wp-json\/wp\/v2\/product_tag?post=50146"}],"curies":[{"name":"wp","href":"https:\/\/api.w.org\/{rel}","templated":true}]}}