{"id":50149,"date":"2022-05-15T23:46:43","date_gmt":"2022-05-15T21:00:16","guid":{"rendered":"https:\/\/kingarms.ee\/product\/2-fast-556-ja-9-mmn-aikakauslehtipussin-sarja\/"},"modified":"2024-08-08T18:08:46","modified_gmt":"2024-08-08T15:08:46","slug":"sarja-2-nopeaa-5-56-ja-9-mmn-aikakauslehtipussia","status":"publish","type":"product","link":"https:\/\/kingarms.ee\/fi\/product\/sarja-2-nopeaa-5-56-ja-9-mmn-aikakauslehtipussia\/","title":{"rendered":"2 FAST 5,56 ja 9 mm:n aikakauslehtipussin sarja"},"content":{"rendered":"","protected":false},"excerpt":{"rendered":"<p>Nopea tyyppiset polymeeripussit. Niiss\u00e4 ei ole l\u00e4pp\u00e4, mik\u00e4 mahdollistaa eritt\u00e4in nopean lehden hakemisen. Pussin rakenne takaa sen, ett\u00e4 sis\u00e4lt\u00f6 ei putoa &#8211; elementit on kiinnitetty tiukasti silikonikumilla.<\/p>\n<p>Setti koostuu yhdest\u00e4 M4\/M16 replikamakasille omistetusta pussista ja kahdesta pistoolipussista. Ne voidaan yhdist\u00e4\u00e4 toisiinsa.<\/p>\n<p>Ne on asennettu molle palsille.<\/p>\n","protected":false},"featured_media":49574,"template":"","meta":{"_acf_changed":false},"product_brand":[],"product_cat":[264,899],"product_tag":[],"class_list":{"0":"post-50149","1":"product","2":"type-product","3":"status-publish","4":"has-post-thumbnail","6":"product_cat-taskut-laukut-vyot","7":"product_cat-sailytystaskut","9":"first","10":"instock","11":"purchasable","12":"product-type-simple"},"acf":[],"_links":{"self":[{"href":"https:\/\/kingarms.ee\/fi\/wp-json\/wp\/v2\/product\/50149","targetHints":{"allow":["GET"]}}],"collection":[{"href":"https:\/\/kingarms.ee\/fi\/wp-json\/wp\/v2\/product"}],"about":[{"href":"https:\/\/kingarms.ee\/fi\/wp-json\/wp\/v2\/types\/product"}],"wp:featuredmedia":[{"embeddable":true,"href":"https:\/\/kingarms.ee\/fi\/wp-json\/wp\/v2\/media\/49574"}],"wp:attachment":[{"href":"https:\/\/kingarms.ee\/fi\/wp-json\/wp\/v2\/media?parent=50149"}],"wp:term":[{"taxonomy":"product_brand","embeddable":true,"href":"https:\/\/kingarms.ee\/fi\/wp-json\/wp\/v2\/product_brand?post=50149"},{"taxonomy":"product_cat","embeddable":true,"href":"https:\/\/kingarms.ee\/fi\/wp-json\/wp\/v2\/product_cat?post=50149"},{"taxonomy":"product_tag","embeddable":true,"href":"https:\/\/kingarms.ee\/fi\/wp-json\/wp\/v2\/product_tag?post=50149"}],"curies":[{"name":"wp","href":"https:\/\/api.w.org\/{rel}","templated":true}]}}