{"id":50151,"date":"2022-05-15T23:46:43","date_gmt":"2022-05-15T21:00:16","guid":{"rendered":"https:\/\/kingarms.ee\/product\/hsg-5-56-lehtipussi-musta\/"},"modified":"2024-08-08T18:09:30","modified_gmt":"2024-08-08T15:09:30","slug":"hsg-5-56-lehti-pussi-musta","status":"publish","type":"product","link":"https:\/\/kingarms.ee\/fi\/product\/hsg-5-56-lehti-pussi-musta\/","title":{"rendered":"HSG 5.56 -lehtipussi &#8211; musta"},"content":{"rendered":"","protected":false},"excerpt":{"rendered":"<p>Kest\u00e4v\u00e4st\u00e4 polymeerist\u00e4 valmistettu nopea tyyppinen pussi, johon mahtuu yksi 5,56 makasiini. Pussissa on erityinen joustava ny\u00f6ri pussin \u201daukon\u201d s\u00e4\u00e4t\u00f6\u00f6n, mik\u00e4 mukauttaa pussin paremmin sis\u00e4lt\u00f6\u00f6n ja est\u00e4\u00e4 lehtien putoamisen.<br \/>\nPussi on tarkoitettu kiinnitett\u00e4v\u00e4ksi MOLLE-nauhaan tai hihnaan, jonka leveys on enint\u00e4\u00e4n 50 mm.<\/p>\n","protected":false},"featured_media":49554,"template":"","meta":{"_acf_changed":false},"product_brand":[],"product_cat":[899,264],"product_tag":[],"class_list":{"0":"post-50151","1":"product","2":"type-product","3":"status-publish","4":"has-post-thumbnail","6":"product_cat-sailytystaskut","7":"product_cat-taskut-laukut-vyot","9":"first","10":"instock","11":"purchasable","12":"product-type-simple"},"acf":[],"_links":{"self":[{"href":"https:\/\/kingarms.ee\/fi\/wp-json\/wp\/v2\/product\/50151","targetHints":{"allow":["GET"]}}],"collection":[{"href":"https:\/\/kingarms.ee\/fi\/wp-json\/wp\/v2\/product"}],"about":[{"href":"https:\/\/kingarms.ee\/fi\/wp-json\/wp\/v2\/types\/product"}],"wp:featuredmedia":[{"embeddable":true,"href":"https:\/\/kingarms.ee\/fi\/wp-json\/wp\/v2\/media\/49554"}],"wp:attachment":[{"href":"https:\/\/kingarms.ee\/fi\/wp-json\/wp\/v2\/media?parent=50151"}],"wp:term":[{"taxonomy":"product_brand","embeddable":true,"href":"https:\/\/kingarms.ee\/fi\/wp-json\/wp\/v2\/product_brand?post=50151"},{"taxonomy":"product_cat","embeddable":true,"href":"https:\/\/kingarms.ee\/fi\/wp-json\/wp\/v2\/product_cat?post=50151"},{"taxonomy":"product_tag","embeddable":true,"href":"https:\/\/kingarms.ee\/fi\/wp-json\/wp\/v2\/product_tag?post=50151"}],"curies":[{"name":"wp","href":"https:\/\/api.w.org\/{rel}","templated":true}]}}