{"id":51059,"date":"2022-05-14T17:45:17","date_gmt":"2022-05-16T12:18:11","guid":{"rendered":"https:\/\/kingarms.ee\/product\/ris-9-jousitoiminen-bipod\/"},"modified":"2024-08-08T19:08:06","modified_gmt":"2024-08-08T16:08:06","slug":"ris-9-spring-action-kaksijalkainen","status":"publish","type":"product","link":"https:\/\/kingarms.ee\/fi\/product\/ris-9-spring-action-kaksijalkainen\/","title":{"rendered":"RIS 9&#8243; jousitoiminen bipod"},"content":{"rendered":"","protected":false},"excerpt":{"rendered":"<p>RIS 9&#8243; jousitoiminen bipod<\/p>\n<p>Specna Arms -tuotteet tarjoavat airsoft-pelaajille yhdistelm\u00e4n eritt\u00e4in kohtuullisesta hinnasta vain korkealuokkaisissa kopioissa saavutettavaan laatuun. Aktiivinen osallistuminen airsoft-sodank\u00e4ynnin keinojen kehitt\u00e4miseen sek\u00e4 monivuotinen kokemus antavat Specna Armsille mahdollisuuden tuoda markkinoille todistettuja tuotteita, jotka on testattu \u00e4\u00e4rimm\u00e4isiss\u00e4 olosuhteissa. Suosittelemme tutustumaan laajaan kopioiden, laitteiden ja viritysosien valikoimaan.<br \/>\nTaitettava 9&#8243; jousitoiminen bipod, joka on tarkoitettu kiinnitett\u00e4v\u00e4ksi RIS 22 mm:n kiskoihin. T\u00e4m\u00e4 tuote on valmistettu alumiinista ja ter\u00e4ksest\u00e4.<\/p>\n","protected":false},"featured_media":49149,"template":"","meta":{"_acf_changed":false},"product_brand":[],"product_cat":[675,676],"product_tag":[],"class_list":{"0":"post-51059","1":"product","2":"type-product","3":"status-publish","4":"has-post-thumbnail","6":"product_cat-haittatekijat","7":"product_cat-bipod","9":"first","10":"instock","11":"purchasable","12":"product-type-simple"},"acf":[],"_links":{"self":[{"href":"https:\/\/kingarms.ee\/fi\/wp-json\/wp\/v2\/product\/51059","targetHints":{"allow":["GET"]}}],"collection":[{"href":"https:\/\/kingarms.ee\/fi\/wp-json\/wp\/v2\/product"}],"about":[{"href":"https:\/\/kingarms.ee\/fi\/wp-json\/wp\/v2\/types\/product"}],"wp:featuredmedia":[{"embeddable":true,"href":"https:\/\/kingarms.ee\/fi\/wp-json\/wp\/v2\/media\/49149"}],"wp:attachment":[{"href":"https:\/\/kingarms.ee\/fi\/wp-json\/wp\/v2\/media?parent=51059"}],"wp:term":[{"taxonomy":"product_brand","embeddable":true,"href":"https:\/\/kingarms.ee\/fi\/wp-json\/wp\/v2\/product_brand?post=51059"},{"taxonomy":"product_cat","embeddable":true,"href":"https:\/\/kingarms.ee\/fi\/wp-json\/wp\/v2\/product_cat?post=51059"},{"taxonomy":"product_tag","embeddable":true,"href":"https:\/\/kingarms.ee\/fi\/wp-json\/wp\/v2\/product_tag?post=51059"}],"curies":[{"name":"wp","href":"https:\/\/api.w.org\/{rel}","templated":true}]}}