{"id":51072,"date":"2022-05-15T23:46:17","date_gmt":"2022-05-16T12:18:13","guid":{"rendered":"https:\/\/kingarms.ee\/product\/3x30-et-tyylinen-suurennuslasi\/"},"modified":"2024-08-08T18:33:51","modified_gmt":"2024-08-08T15:33:51","slug":"3x30-et-style-suurennuslasi","status":"publish","type":"product","link":"https:\/\/kingarms.ee\/fi\/product\/3x30-et-style-suurennuslasi\/","title":{"rendered":"3&#215;30 ET tyylinen suurennuslasi"},"content":{"rendered":"","protected":false},"excerpt":{"rendered":"<p>Aim-O:n kiinte\u00e4 suurennuslasi, joka on valmistettu kokonaan metallista, mik\u00e4 takaa sen kest\u00e4vyyden ja ulkoisten tekij\u00f6iden kest\u00e4vyyden. QD RIS \/ Picatinny -kiinnikkeen ansiosta t\u00e4ht\u00e4in voidaan kiinnitt\u00e4\u00e4 mihin tahansa kopioon tavallisella RIS 22 mm -kiskolla.<br \/>\nSuurennuslasi on asennettu salpaan, joka on toisen salvan p\u00e4\u00e4ll\u00e4, mik\u00e4 mahdollistaa sen kallistamisen sivulle, kun se ei ole k\u00e4yt\u00f6ss\u00e4. 30 mm:n halkaisija varmistaa yhteensopivuuden erityyppisten punapistet\u00e4ht\u00e4inten kanssa.<br \/>\nSetti sis\u00e4lt\u00e4\u00e4:<br \/>\n&#8211; suurennuslasi &#8211; lis\u00e4teline &#8211; puhdistusliina<\/p>\n","protected":false},"featured_media":49826,"template":"","meta":{"_acf_changed":false},"product_brand":[],"product_cat":[649],"product_tag":[],"class_list":{"0":"post-51072","1":"product","2":"type-product","3":"status-publish","4":"has-post-thumbnail","6":"product_cat-ottelut","8":"first","9":"onbackorder","10":"product-type-simple"},"acf":[],"_links":{"self":[{"href":"https:\/\/kingarms.ee\/fi\/wp-json\/wp\/v2\/product\/51072","targetHints":{"allow":["GET"]}}],"collection":[{"href":"https:\/\/kingarms.ee\/fi\/wp-json\/wp\/v2\/product"}],"about":[{"href":"https:\/\/kingarms.ee\/fi\/wp-json\/wp\/v2\/types\/product"}],"wp:featuredmedia":[{"embeddable":true,"href":"https:\/\/kingarms.ee\/fi\/wp-json\/wp\/v2\/media\/49826"}],"wp:attachment":[{"href":"https:\/\/kingarms.ee\/fi\/wp-json\/wp\/v2\/media?parent=51072"}],"wp:term":[{"taxonomy":"product_brand","embeddable":true,"href":"https:\/\/kingarms.ee\/fi\/wp-json\/wp\/v2\/product_brand?post=51072"},{"taxonomy":"product_cat","embeddable":true,"href":"https:\/\/kingarms.ee\/fi\/wp-json\/wp\/v2\/product_cat?post=51072"},{"taxonomy":"product_tag","embeddable":true,"href":"https:\/\/kingarms.ee\/fi\/wp-json\/wp\/v2\/product_tag?post=51072"}],"curies":[{"name":"wp","href":"https:\/\/api.w.org\/{rel}","templated":true}]}}