{"id":51086,"date":"2022-05-15T23:46:17","date_gmt":"2022-05-16T12:18:16","guid":{"rendered":"https:\/\/kingarms.ee\/product\/red-dot-sight\/"},"modified":"2024-08-08T18:34:34","modified_gmt":"2024-08-08T15:34:34","slug":"punapiste-nako","status":"publish","type":"product","link":"https:\/\/kingarms.ee\/fi\/product\/punapiste-nako\/","title":{"rendered":"Red Dot Sight"},"content":{"rendered":"","protected":false},"excerpt":{"rendered":"<p>Red dot t\u00e4ht\u00e4in l\u00e4hes kokonaan metallista. Kest\u00e4v\u00e4 kotelo suojaa vaurioilta.<br \/>\nT\u00e4ht\u00e4imess\u00e4 n\u00e4kyy punaisen tai vihre\u00e4n v\u00e4rinen t\u00e4ht\u00e4yspiste. T\u00e4ht\u00e4imess\u00e4 on tasainen pysty- ja vaakas\u00e4\u00e4t\u00f6. Linssit on suojattu kumisuojuksilla.<br \/>\nT\u00e4ht\u00e4imess\u00e4 on 22 mm:n RIS-kiskoteline. T\u00e4m\u00e4 mahdollistaa t\u00e4ht\u00e4imen kiinnitt\u00e4misen k\u00e4yt\u00e4nn\u00f6llisesti katsoen jokaiseen t\u00e4llaisella kiskolla varustettuun kopioon.<br \/>\nSetti sis\u00e4lt\u00e4\u00e4:<br \/>\n&#8211; Punaisen pisteen n\u00e4ky<br \/>\n&#8211; Kuusiokoloavain<br \/>\n&#8211; Puhdistusliina<br \/>\n&#8211; Kumip\u00e4\u00e4llyste<\/p>\n","protected":false},"featured_media":49814,"template":"","meta":{"_acf_changed":false},"product_brand":[],"product_cat":[649],"product_tag":[],"class_list":{"0":"post-51086","1":"product","2":"type-product","3":"status-publish","4":"has-post-thumbnail","6":"product_cat-ottelut","8":"first","9":"instock","10":"purchasable","11":"product-type-simple"},"acf":[],"_links":{"self":[{"href":"https:\/\/kingarms.ee\/fi\/wp-json\/wp\/v2\/product\/51086","targetHints":{"allow":["GET"]}}],"collection":[{"href":"https:\/\/kingarms.ee\/fi\/wp-json\/wp\/v2\/product"}],"about":[{"href":"https:\/\/kingarms.ee\/fi\/wp-json\/wp\/v2\/types\/product"}],"wp:featuredmedia":[{"embeddable":true,"href":"https:\/\/kingarms.ee\/fi\/wp-json\/wp\/v2\/media\/49814"}],"wp:attachment":[{"href":"https:\/\/kingarms.ee\/fi\/wp-json\/wp\/v2\/media?parent=51086"}],"wp:term":[{"taxonomy":"product_brand","embeddable":true,"href":"https:\/\/kingarms.ee\/fi\/wp-json\/wp\/v2\/product_brand?post=51086"},{"taxonomy":"product_cat","embeddable":true,"href":"https:\/\/kingarms.ee\/fi\/wp-json\/wp\/v2\/product_cat?post=51086"},{"taxonomy":"product_tag","embeddable":true,"href":"https:\/\/kingarms.ee\/fi\/wp-json\/wp\/v2\/product_tag?post=51086"}],"curies":[{"name":"wp","href":"https:\/\/api.w.org\/{rel}","templated":true}]}}