{"id":51091,"date":"2022-05-16T14:10:54","date_gmt":"2022-05-16T12:18:18","guid":{"rendered":"https:\/\/kingarms.ee\/product\/bolle-contour-kirkkaat-lasit\/"},"modified":"2024-08-08T17:35:35","modified_gmt":"2024-08-08T14:35:35","slug":"bolle-contour-clear-lasit","status":"publish","type":"product","link":"https:\/\/kingarms.ee\/fi\/product\/bolle-contour-clear-lasit\/","title":{"rendered":"Contour Clear lasit  [Bolle]"},"content":{"rendered":"","protected":false},"excerpt":{"rendered":"<p>Mukavat kevyet ja tyylikk\u00e4\u00e4t suojalasit metallirungolla, jossa on jousisankoja ja joka on viimeistelty vartalon kosketuksissa olevilla paikoilla liukumattomalla kumikerroksella. Ne suojaavat mekaanisilta vammoilta ja UV-s\u00e4teilylt\u00e4, mutta my\u00f6s \u00e4killisilt\u00e4 liekkien iskuilta ( 420 celsiusasteen l\u00e4mp\u00f6tilaan asti ).<br \/>\nTurvallisuus ja kest\u00e4vyys<br \/>\nLaseissa on eritt\u00e4in korkea linssin kovuuskertoimen F-arvo airsoft-olosuhteisiin verrattuna. Se ilmaisee materiaalin mekaanista kest\u00e4vyytt\u00e4. T\u00e4ss\u00e4 tapauksessa k\u00e4sittelemme matalaenergiaiskunvastusta. Linssien tulee kest\u00e4\u00e4 45 m\/s nopeudella liikkuvan 6mm 0,86g ter\u00e4ksisen BB-pelletin iskun. Uudelleen laskettuna t\u00e4m\u00e4 johtaa 0,87 J:n kineettiseen energiaan.<br \/>\nOptinen luokka<br \/>\nLinssin optinen luokka m\u00e4\u00e4r\u00e4ytyy sen optisten parametrien perusteella. Silmien ja kasvojen suojaimet on jaettu kolmeen luokkaan. 1. optisen luokan linssit on suunniteltu jatkuvaan k\u00e4ytt\u00f6\u00f6n (siis n\u00e4it\u00e4 laseja voidaan k\u00e4ytt\u00e4\u00e4 my\u00f6s aurinkolaseina tai p\u00e4ivitt\u00e4isiss\u00e4 suojalaseina) kun taas 3. optisen luokan linssit on suunniteltu k\u00e4ytett\u00e4v\u00e4ksi lyhytaikaisesti.<\/p>\n<p><span style=\"color: #ff0000;\">NB! Tuote ei ole ballistinen silmiensuojain, ja sen k\u00e4ytt\u00e4minen t\u00e4h\u00e4n tarkoitukseen on ristiriidassa sen k\u00e4ytt\u00f6tarkoituksen kanssa.<\/span><br \/>\n<span style=\"color: #ff0000;\">Myyj\u00e4 ja valmistaja eiv\u00e4t ole vastuussa siit\u00e4, ett\u00e4 tuotetta k\u00e4ytet\u00e4\u00e4n k\u00e4ytt\u00e4j\u00e4n silmien suojaamiseen airsoft-peleiss\u00e4, joissa k\u00e4ytet\u00e4\u00e4n airsoft-j\u00e4ljenn\u00f6ksi\u00e4. T\u00e4m\u00e4 koskee my\u00f6s mahdollisia k\u00e4ytt\u00e4j\u00e4n terveyteen liittyvi\u00e4 kysymyksi\u00e4 tai omaisuusvahinkoja, eik\u00e4 tuotereklamaatio koske niit\u00e4.<\/span><\/p>\n","protected":false},"featured_media":50509,"template":"","meta":{"_acf_changed":false},"product_brand":[],"product_cat":[635],"product_tag":[],"class_list":{"0":"post-51091","1":"product","2":"type-product","3":"status-publish","4":"has-post-thumbnail","6":"product_cat-airsoft-silmalasit","8":"first","9":"instock","10":"purchasable","11":"product-type-simple"},"acf":[],"_links":{"self":[{"href":"https:\/\/kingarms.ee\/fi\/wp-json\/wp\/v2\/product\/51091","targetHints":{"allow":["GET"]}}],"collection":[{"href":"https:\/\/kingarms.ee\/fi\/wp-json\/wp\/v2\/product"}],"about":[{"href":"https:\/\/kingarms.ee\/fi\/wp-json\/wp\/v2\/types\/product"}],"wp:featuredmedia":[{"embeddable":true,"href":"https:\/\/kingarms.ee\/fi\/wp-json\/wp\/v2\/media\/50509"}],"wp:attachment":[{"href":"https:\/\/kingarms.ee\/fi\/wp-json\/wp\/v2\/media?parent=51091"}],"wp:term":[{"taxonomy":"product_brand","embeddable":true,"href":"https:\/\/kingarms.ee\/fi\/wp-json\/wp\/v2\/product_brand?post=51091"},{"taxonomy":"product_cat","embeddable":true,"href":"https:\/\/kingarms.ee\/fi\/wp-json\/wp\/v2\/product_cat?post=51091"},{"taxonomy":"product_tag","embeddable":true,"href":"https:\/\/kingarms.ee\/fi\/wp-json\/wp\/v2\/product_tag?post=51091"}],"curies":[{"name":"wp","href":"https:\/\/api.w.org\/{rel}","templated":true}]}}