{"id":51096,"date":"2022-05-16T14:10:54","date_gmt":"2022-05-16T12:18:18","guid":{"rendered":"https:\/\/kingarms.ee\/product\/bolle-slam-savunsuojalasit\/"},"modified":"2024-08-08T17:37:04","modified_gmt":"2024-08-08T14:37:04","slug":"bolle-slam-savu-suojalasit","status":"publish","type":"product","link":"https:\/\/kingarms.ee\/fi\/product\/bolle-slam-savu-suojalasit\/","title":{"rendered":"SLAM Savusuojalasit  [Bolle]"},"content":{"rendered":"","protected":false},"excerpt":{"rendered":"<p>Silm\u00e4suojaimet t\u00e4ytt\u00e4v\u00e4t 89\/686\/EEC eurooppalaisen henkil\u00f6nsuojaimia koskevat vaatimukset ja on valmistettu EN 166:2001 normin vaatimusten mukaisesti. Boll\u00e9 Safetyst\u00e4 on tullut laadun synonyymi, ja sen urheilu- ja suojalasit ovat kansainv\u00e4lisesti tunnustettuja. Lasit on kuvattu kovuuskertoimella F ja l\u00e4mp\u00f6suojakertoimella T ja sen suojalinssien pinta peitettiin huurtumista est\u00e4v\u00e4ll\u00e4 aineella ja erityisell\u00e4 pinnalla, joka suojaa linssit naarmuilta.<br \/>\nHuurtumaton &#8211; huurtumista est\u00e4v\u00e4 kerros mahdollistaa toiminnan optimaalisissa olosuhteissa poistamalla kondenssiveden vaikutukset, jota esiintyy aina kun l\u00e4mp\u00f6tilaerot ovat suuria tai ilman tuulettuvien runkojen kulumisen aikana.<br \/>\nNaarmuuntumaton &#8211; parantaa linssien kest\u00e4vyytt\u00e4 ja v\u00e4hent\u00e4\u00e4 naarmujen m\u00e4\u00e4r\u00e4\u00e4. Se pident\u00e4\u00e4 k\u00e4ytt\u00f6ik\u00e4\u00e4 ja parantaa k\u00e4ytt\u00f6mukavuutta tai est\u00e4\u00e4 k\u00e4ytt\u00e4j\u00e4\u00e4 naarmuuntumasta, mik\u00e4 voi vaikuttaa negatiivisesti n\u00e4k\u00f6kykyyn.<br \/>\nKorkeimman k\u00e4ytt\u00f6mukavuuden takaavat modernisti rakennetut ergonomiset kehykset sek\u00e4 sarjaan kuuluva joustava turvanauha, jonka avulla lasit voidaan kiinnitt\u00e4\u00e4 p\u00e4\u00e4h\u00e4n. Setti sis\u00e4lt\u00e4\u00e4:<br \/>\n&#8211; lasit, &#8211; turvanauha,<\/p>\n<p><span style=\"color: #ff0000;\">NB! Tuote ei ole ballistinen silmiensuojain, ja sen k\u00e4ytt\u00e4minen t\u00e4h\u00e4n tarkoitukseen on ristiriidassa sen k\u00e4ytt\u00f6tarkoituksen kanssa.<\/span><br \/>\n<span style=\"color: #ff0000;\">Myyj\u00e4 ja valmistaja eiv\u00e4t ole vastuussa siit\u00e4, ett\u00e4 tuotetta k\u00e4ytet\u00e4\u00e4n k\u00e4ytt\u00e4j\u00e4n silmien suojaamiseen airsoft-peleiss\u00e4, joissa k\u00e4ytet\u00e4\u00e4n airsoft-j\u00e4ljenn\u00f6ksi\u00e4. T\u00e4m\u00e4 koskee my\u00f6s mahdollisia k\u00e4ytt\u00e4j\u00e4n terveyteen liittyvi\u00e4 kysymyksi\u00e4 tai omaisuusvahinkoja, eik\u00e4 tuotereklamaatiota sovelleta. <\/span><\/p>\n","protected":false},"featured_media":50477,"template":"","meta":{"_acf_changed":false},"product_brand":[],"product_cat":[635],"product_tag":[],"class_list":{"0":"post-51096","1":"product","2":"type-product","3":"status-publish","4":"has-post-thumbnail","6":"product_cat-airsoft-silmalasit","8":"first","9":"instock","10":"purchasable","11":"product-type-simple"},"acf":[],"_links":{"self":[{"href":"https:\/\/kingarms.ee\/fi\/wp-json\/wp\/v2\/product\/51096","targetHints":{"allow":["GET"]}}],"collection":[{"href":"https:\/\/kingarms.ee\/fi\/wp-json\/wp\/v2\/product"}],"about":[{"href":"https:\/\/kingarms.ee\/fi\/wp-json\/wp\/v2\/types\/product"}],"wp:featuredmedia":[{"embeddable":true,"href":"https:\/\/kingarms.ee\/fi\/wp-json\/wp\/v2\/media\/50477"}],"wp:attachment":[{"href":"https:\/\/kingarms.ee\/fi\/wp-json\/wp\/v2\/media?parent=51096"}],"wp:term":[{"taxonomy":"product_brand","embeddable":true,"href":"https:\/\/kingarms.ee\/fi\/wp-json\/wp\/v2\/product_brand?post=51096"},{"taxonomy":"product_cat","embeddable":true,"href":"https:\/\/kingarms.ee\/fi\/wp-json\/wp\/v2\/product_cat?post=51096"},{"taxonomy":"product_tag","embeddable":true,"href":"https:\/\/kingarms.ee\/fi\/wp-json\/wp\/v2\/product_tag?post=51096"}],"curies":[{"name":"wp","href":"https:\/\/api.w.org\/{rel}","templated":true}]}}