{"id":51104,"date":"2022-05-16T14:10:54","date_gmt":"2022-05-16T12:18:21","guid":{"rendered":"https:\/\/kingarms.ee\/product\/bolle-safety-tryon-suojalasit\/"},"modified":"2024-08-08T17:38:25","modified_gmt":"2024-08-08T14:38:25","slug":"bolle-safety-tryon-suojalasit","status":"publish","type":"product","link":"https:\/\/kingarms.ee\/fi\/product\/bolle-safety-tryon-suojalasit\/","title":{"rendered":"Turvallisuus &#8211; TRYON Suojalasit  [Bolle]"},"content":{"rendered":"","protected":false},"excerpt":{"rendered":"<p>Silm\u00e4laseilla on eritt\u00e4in korkea (airsoft-olosuhteisiin) linssien kovuustekij\u00e4 &#8211; F. Se ilmaisee materiaalin mekaanista kest\u00e4vyytt\u00e4. T\u00e4ss\u00e4 tapauksessa kyseess\u00e4 on niin sanottujen matalaenergiaiskujen vastustuskyky. Linssit on suunniteltu kest\u00e4m\u00e4\u00e4n 45 m\/s nopeudella liikkuvan ter\u00e4spallon iskun, jonka halkaisija on 6 mm ja paino 0,86 g. T\u00e4m\u00e4 tarkoittaa 0,87 J:n kineettist\u00e4 energiaa.<br \/>\nLinssien optinen luokka m\u00e4\u00e4r\u00e4ytyy niiden optisten parametrien perusteella. Silmien ja kasvojen suojaimet on jaettu 3 luokkaan. Optisen luokan 1 lasit on tarkoitettu jatkuvaan k\u00e4ytt\u00f6\u00f6n (siis laseja voidaan k\u00e4ytt\u00e4\u00e4 my\u00f6s aurinkolaseina tai suojalaseina jokap\u00e4iv\u00e4iseen k\u00e4ytt\u00f6\u00f6n), luokan 3 &#8211; lyhytaikaiseen k\u00e4ytt\u00f6\u00f6n.<\/p>\n<p><span style=\"color: #ff0000;\">NB! Tuote ei ole ballistinen silmiensuojain, ja sen k\u00e4ytt\u00e4minen t\u00e4h\u00e4n tarkoitukseen on ristiriidassa sen k\u00e4ytt\u00f6tarkoituksen kanssa.<\/span><br \/>\n<span style=\"color: #ff0000;\">Myyj\u00e4 ja valmistaja eiv\u00e4t ole vastuussa siit\u00e4, ett\u00e4 tuotetta k\u00e4ytet\u00e4\u00e4n k\u00e4ytt\u00e4j\u00e4n silmien suojaamiseen airsoft-peleiss\u00e4, joissa k\u00e4ytet\u00e4\u00e4n airsoft-j\u00e4ljenn\u00f6ksi\u00e4. T\u00e4m\u00e4 koskee my\u00f6s mahdollisia k\u00e4ytt\u00e4j\u00e4n terveyteen liittyvi\u00e4 kysymyksi\u00e4 tai omaisuusvahinkoja, eik\u00e4 tuotereklamaatiota sovelleta. <\/span><\/p>\n","protected":false},"featured_media":50461,"template":"","meta":{"_acf_changed":false},"product_brand":[],"product_cat":[635],"product_tag":[],"class_list":{"0":"post-51104","1":"product","2":"type-product","3":"status-publish","4":"has-post-thumbnail","6":"product_cat-airsoft-silmalasit","8":"first","9":"instock","10":"purchasable","11":"product-type-simple"},"acf":[],"_links":{"self":[{"href":"https:\/\/kingarms.ee\/fi\/wp-json\/wp\/v2\/product\/51104","targetHints":{"allow":["GET"]}}],"collection":[{"href":"https:\/\/kingarms.ee\/fi\/wp-json\/wp\/v2\/product"}],"about":[{"href":"https:\/\/kingarms.ee\/fi\/wp-json\/wp\/v2\/types\/product"}],"wp:featuredmedia":[{"embeddable":true,"href":"https:\/\/kingarms.ee\/fi\/wp-json\/wp\/v2\/media\/50461"}],"wp:attachment":[{"href":"https:\/\/kingarms.ee\/fi\/wp-json\/wp\/v2\/media?parent=51104"}],"wp:term":[{"taxonomy":"product_brand","embeddable":true,"href":"https:\/\/kingarms.ee\/fi\/wp-json\/wp\/v2\/product_brand?post=51104"},{"taxonomy":"product_cat","embeddable":true,"href":"https:\/\/kingarms.ee\/fi\/wp-json\/wp\/v2\/product_cat?post=51104"},{"taxonomy":"product_tag","embeddable":true,"href":"https:\/\/kingarms.ee\/fi\/wp-json\/wp\/v2\/product_tag?post=51104"}],"curies":[{"name":"wp","href":"https:\/\/api.w.org\/{rel}","templated":true}]}}