{"id":51109,"date":"2022-05-16T14:10:54","date_gmt":"2022-05-16T12:18:23","guid":{"rendered":"https:\/\/kingarms.ee\/product\/erm-h-kuulokkeet\/"},"modified":"2024-08-08T17:40:30","modified_gmt":"2024-08-08T14:40:30","slug":"erm-h-kuulokkeet","status":"publish","type":"product","link":"https:\/\/kingarms.ee\/fi\/product\/erm-h-kuulokkeet\/","title":{"rendered":"ERM H kuulokkeet"},"content":{"rendered":"","protected":false},"excerpt":{"rendered":"<p>ERM-kuulokkeet valmistettiin kest\u00e4v\u00e4st\u00e4 polymeerist\u00e4 ja metallista. T\u00e4m\u00e4n version kuulokkeissa on integroitu kiinnitys kyp\u00e4rille, jotka on varustettu erityisill\u00e4 kiinnityskiskoilla.<br \/>\nNiiss\u00e4 ei ole aktiivista melunvaimennusta, ja niit\u00e4 voidaan k\u00e4ytt\u00e4\u00e4 klassisina vaimentavina kuulokkeina, joissa on mahdollisuus liitt\u00e4\u00e4 PTT (Military plug) -painikkeeseen sek\u00e4 vastaanottaa \/ l\u00e4hett\u00e4\u00e4 viestej\u00e4 sis\u00e4\u00e4nrakennettujen kaiuttimien ja joustavassa jousessa olevan mikrofonin kautta.<\/p>\n","protected":false},"featured_media":50433,"template":"","meta":{"_acf_changed":false},"product_brand":[],"product_cat":[780,781],"product_tag":[],"class_list":{"0":"post-51109","1":"product","2":"type-product","3":"status-publish","4":"has-post-thumbnail","6":"product_cat-aktiiviset-kuulokkeet","7":"product_cat-passiiviset-kuulokkeet","9":"first","10":"instock","11":"purchasable","12":"product-type-simple"},"acf":[],"_links":{"self":[{"href":"https:\/\/kingarms.ee\/fi\/wp-json\/wp\/v2\/product\/51109","targetHints":{"allow":["GET"]}}],"collection":[{"href":"https:\/\/kingarms.ee\/fi\/wp-json\/wp\/v2\/product"}],"about":[{"href":"https:\/\/kingarms.ee\/fi\/wp-json\/wp\/v2\/types\/product"}],"wp:featuredmedia":[{"embeddable":true,"href":"https:\/\/kingarms.ee\/fi\/wp-json\/wp\/v2\/media\/50433"}],"wp:attachment":[{"href":"https:\/\/kingarms.ee\/fi\/wp-json\/wp\/v2\/media?parent=51109"}],"wp:term":[{"taxonomy":"product_brand","embeddable":true,"href":"https:\/\/kingarms.ee\/fi\/wp-json\/wp\/v2\/product_brand?post=51109"},{"taxonomy":"product_cat","embeddable":true,"href":"https:\/\/kingarms.ee\/fi\/wp-json\/wp\/v2\/product_cat?post=51109"},{"taxonomy":"product_tag","embeddable":true,"href":"https:\/\/kingarms.ee\/fi\/wp-json\/wp\/v2\/product_tag?post=51109"}],"curies":[{"name":"wp","href":"https:\/\/api.w.org\/{rel}","templated":true}]}}